{"id":4888,"date":"2022-10-16T19:51:37","date_gmt":"2022-10-16T19:51:37","guid":{"rendered":"https:\/\/tangodiario.com\/?post_type=product&#038;p=4888"},"modified":"2024-10-03T22:31:00","modified_gmt":"2024-10-03T22:31:00","slug":"ariel-ramirez-la-entrevista-pdf","status":"publish","type":"product","link":"https:\/\/tangodiario.com\/en\/product\/ariel-ramirez-la-entrevista-pdf\/","title":{"rendered":"Ariel Ramirez, la entrevista"},"content":{"rendered":"<p>Ariel Ramirez, una transcripci\u00f3n exacta de la entrevista, 49 p\u00e1ginas.<\/p>\n","protected":false},"excerpt":{"rendered":"<p><img fetchpriority=\"high\" decoding=\"async\" class=\"size-medium wp-image-4883\" src=\"https:\/\/tangodiario.com\/wp-content\/uploads\/2022\/10\/Arie-Ramirez-4x4-1-300x300.jpg\" alt=\"Ariel Ramirez\" width=\"300\" height=\"300\" srcset=\"https:\/\/i0.wp.com\/tangodiario.com\/wp-content\/uploads\/2022\/10\/Arie-Ramirez-4x4-1.jpg?resize=300%2C300&amp;ssl=1 300w, https:\/\/i0.wp.com\/tangodiario.com\/wp-content\/uploads\/2022\/10\/Arie-Ramirez-4x4-1.jpg?resize=1024%2C1024&amp;ssl=1 1024w, https:\/\/i0.wp.com\/tangodiario.com\/wp-content\/uploads\/2022\/10\/Arie-Ramirez-4x4-1.jpg?resize=150%2C150&amp;ssl=1 150w, https:\/\/i0.wp.com\/tangodiario.com\/wp-content\/uploads\/2022\/10\/Arie-Ramirez-4x4-1.jpg?resize=768%2C768&amp;ssl=1 768w, https:\/\/i0.wp.com\/tangodiario.com\/wp-content\/uploads\/2022\/10\/Arie-Ramirez-4x4-1.jpg?resize=750%2C750&amp;ssl=1 750w, https:\/\/i0.wp.com\/tangodiario.com\/wp-content\/uploads\/2022\/10\/Arie-Ramirez-4x4-1.jpg?resize=800%2C800&amp;ssl=1 800w, https:\/\/i0.wp.com\/tangodiario.com\/wp-content\/uploads\/2022\/10\/Arie-Ramirez-4x4-1.jpg?resize=600%2C600&amp;ssl=1 600w, https:\/\/i0.wp.com\/tangodiario.com\/wp-content\/uploads\/2022\/10\/Arie-Ramirez-4x4-1.jpg?resize=100%2C100&amp;ssl=1 100w, https:\/\/i0.wp.com\/tangodiario.com\/wp-content\/uploads\/2022\/10\/Arie-Ramirez-4x4-1.jpg?w=1048&amp;ssl=1 1048w\" sizes=\"(max-width: 300px) 100vw, 300px\" \/><\/p>\n<p>Ariel Ram\u00edrez (4 de septiembre de 1921 \u2013 18 de febrero de 2010) fue un compositor, pianista y director musical argentino. Fue considerado \u201cun m\u00e1ximo exponente de la m\u00fasica folcl\u00f3rica argentina\u201d y se destac\u00f3 por sus composiciones musicales \u201cic\u00f3nicas\u201d.<\/p>\n<p>Ram\u00edrez es conocido principalmente por su Misa Criolla (1964) y por el canci\u00f3n Alfonsina y el mar.\u00a0\u00a0Le permiti\u00f3 viajar por Europa y Am\u00e9rica Latina para construir su reputaci\u00f3n. Sin embargo, escribi\u00f3 m\u00e1s de 300 composiciones durante su carrera y vendi\u00f3 millones de \u00e1lbumes.<\/p>\n","protected":false},"featured_media":4891,"comment_status":"open","ping_status":"closed","template":"","meta":{"nf_dc_page":"","_eb_attr":"","_monsterinsights_skip_tracking":false,"_monsterinsights_sitenote_active":false,"_monsterinsights_sitenote_note":"","_monsterinsights_sitenote_category":0,"episode_type":"","audio_file":"","podmotor_file_id":"","podmotor_episode_id":"","cover_image":"","cover_image_id":"","duration":"","filesize":"","filesize_raw":"","date_recorded":"","explicit":"","block":""},"product_brand":[],"product_cat":[82],"product_tag":[],"class_list":{"0":"post-4888","1":"product","2":"type-product","3":"status-publish","4":"has-post-thumbnail","6":"product_cat-folclore-descarga-digital","8":"first","9":"instock","10":"sale","11":"downloadable","12":"virtual","13":"purchasable","14":"product-type-simple"},"jetpack_sharing_enabled":true,"jetpack_likes_enabled":false,"_links":{"self":[{"href":"https:\/\/tangodiario.com\/en\/wp-json\/wp\/v2\/product\/4888","targetHints":{"allow":["GET"]}}],"collection":[{"href":"https:\/\/tangodiario.com\/en\/wp-json\/wp\/v2\/product"}],"about":[{"href":"https:\/\/tangodiario.com\/en\/wp-json\/wp\/v2\/types\/product"}],"replies":[{"embeddable":true,"href":"https:\/\/tangodiario.com\/en\/wp-json\/wp\/v2\/comments?post=4888"}],"version-history":[{"count":2,"href":"https:\/\/tangodiario.com\/en\/wp-json\/wp\/v2\/product\/4888\/revisions"}],"predecessor-version":[{"id":4894,"href":"https:\/\/tangodiario.com\/en\/wp-json\/wp\/v2\/product\/4888\/revisions\/4894"}],"wp:featuredmedia":[{"embeddable":true,"href":"https:\/\/tangodiario.com\/en\/wp-json\/wp\/v2\/media\/4891"}],"wp:attachment":[{"href":"https:\/\/tangodiario.com\/en\/wp-json\/wp\/v2\/media?parent=4888"}],"wp:term":[{"taxonomy":"product_brand","embeddable":true,"href":"https:\/\/tangodiario.com\/en\/wp-json\/wp\/v2\/product_brand?post=4888"},{"taxonomy":"product_cat","embeddable":true,"href":"https:\/\/tangodiario.com\/en\/wp-json\/wp\/v2\/product_cat?post=4888"},{"taxonomy":"product_tag","embeddable":true,"href":"https:\/\/tangodiario.com\/en\/wp-json\/wp\/v2\/product_tag?post=4888"}],"curies":[{"name":"wp","href":"https:\/\/api.w.org\/{rel}","templated":true}]}}