{"id":4843,"date":"2022-10-15T20:23:59","date_gmt":"2022-10-15T20:23:59","guid":{"rendered":"https:\/\/tangodiario.com\/?post_type=product&#038;p=4843"},"modified":"2024-10-03T22:31:00","modified_gmt":"2024-10-03T22:31:00","slug":"atahualpa-yupanqui-la-entrevista","status":"publish","type":"product","link":"https:\/\/tangodiario.com\/en\/product\/atahualpa-yupanqui-la-entrevista\/","title":{"rendered":"Atahualpa Yupanqui, la entrevista"},"content":{"rendered":"<p>Atahualpa Yupanqui, una transcripci\u00f3n exacta de la entrevista, 40 p\u00e1ginas.<\/p>\n","protected":false},"excerpt":{"rendered":"<h1>Atahualpa Yupanqui<\/h1>\n<div>\n<div><\/div>\n<div>\n<div>\n<div>\n<div><\/div>\n<\/div>\n<\/div>\n<div>\n<div>\n[caption id=\"attachment_4810\" align=\"alignnone\" width=\"300\"]<img fetchpriority=\"high\" decoding=\"async\" class=\"size-medium wp-image-4810\" src=\"https:\/\/tangodiario.com\/wp-content\/uploads\/2022\/10\/Atahualpa_Yupanqui_por_Foto_Estudio_Luisita-300x300.jpg\" alt=\"Atahualpa Yupanqui\" width=\"300\" height=\"300\" srcset=\"https:\/\/i0.wp.com\/tangodiario.com\/wp-content\/uploads\/2022\/10\/Atahualpa_Yupanqui_por_Foto_Estudio_Luisita.jpg?resize=300%2C300&amp;ssl=1 300w, https:\/\/i0.wp.com\/tangodiario.com\/wp-content\/uploads\/2022\/10\/Atahualpa_Yupanqui_por_Foto_Estudio_Luisita.jpg?resize=150%2C150&amp;ssl=1 150w, https:\/\/i0.wp.com\/tangodiario.com\/wp-content\/uploads\/2022\/10\/Atahualpa_Yupanqui_por_Foto_Estudio_Luisita.jpg?resize=600%2C600&amp;ssl=1 600w, https:\/\/i0.wp.com\/tangodiario.com\/wp-content\/uploads\/2022\/10\/Atahualpa_Yupanqui_por_Foto_Estudio_Luisita.jpg?resize=100%2C100&amp;ssl=1 100w, https:\/\/i0.wp.com\/tangodiario.com\/wp-content\/uploads\/2022\/10\/Atahualpa_Yupanqui_por_Foto_Estudio_Luisita.jpg?w=640&amp;ssl=1 640w\" sizes=\"(max-width: 300px) 100vw, 300px\" \/> Atahualpa Yupanqui[\/caption]\n<\/div>\n<p>Atahualpa Yupanqui (en quechua, el que viene de lejanas tierras para decir algo) naci\u00f3 en el Campo de la Cruz, en Jos\u00e9 de la Pe\u00f1a, partido de Pergamino (al norte de la provincia de Buenos Aires) el 31 de Enero de 1908.<\/p>\n<p>Su nombre real es H\u00e9ctor Roberto Chavero. Fue cantautor, guitarrista, poeta y escritor argentino.<\/p>\n<p>Se lo considera el m\u00e1s importante m\u00fasico argentino de folclore. Sus composiciones han sido cantadas por reconocidos int\u00e9rpretes, como\u00a0<a href=\"http:\/\/www.cmtv.com.ar\/biografia\/show.php?bnid=280\">Mercedes Sosa<\/a>,\u00a0<a href=\"http:\/\/www.cmtv.com.ar\/biografia\/show.php?bnid=1544\">Los Chalchaleros<\/a>,\u00a0<a href=\"http:\/\/www.cmtv.com.ar\/biografia\/show.php?bnid=129\">Horacio Guarany<\/a>,\u00a0<a href=\"http:\/\/www.cmtv.com.ar\/biografia\/show.php?bnid=1996\">Alfredo Zitarrosa<\/a>, Jos\u00e9 Larralde,\u00a0<a href=\"http:\/\/www.cmtv.com.ar\/biografia\/show.php?bnid=1530\">Jairo<\/a>,\u00a0<a href=\"http:\/\/www.cmtv.com.ar\/biografia\/show.php?bnid=56\">Andr\u00e9s Calamaro<\/a>,\u00a0<a href=\"http:\/\/www.cmtv.com.ar\/biografia\/show.php?bnid=90\">Divididos<\/a>,\u00a0<a href=\"http:\/\/www.cmtv.com.ar\/biografia\/show.php?bnid=277\">Soledad<\/a>\u00a0y\u00a0<a href=\"http:\/\/www.cmtv.com.ar\/biografia\/show.php?bnid=2034\">Suma Paz<\/a>, entre muchos otros, y siguen formando parte del repertorio de innumerables artistas en Argentina y en distintas partes del mundo.<\/p>\n<div>\n<div class=\"mceTemp\"><\/div>\n<\/div>\n<\/div>\n<\/div>\n<\/div>\n","protected":false},"featured_media":4846,"comment_status":"open","ping_status":"closed","template":"","meta":{"nf_dc_page":"","_eb_attr":"","_monsterinsights_skip_tracking":false,"_monsterinsights_sitenote_active":false,"_monsterinsights_sitenote_note":"","_monsterinsights_sitenote_category":0,"episode_type":"","audio_file":"","podmotor_file_id":"","podmotor_episode_id":"","cover_image":"","cover_image_id":"","duration":"","filesize":"","filesize_raw":"","date_recorded":"","explicit":"","block":""},"product_brand":[],"product_cat":[82],"product_tag":[],"class_list":{"0":"post-4843","1":"product","2":"type-product","3":"status-publish","4":"has-post-thumbnail","6":"product_cat-folclore-descarga-digital","8":"first","9":"instock","10":"sale","11":"downloadable","12":"shipping-taxable","13":"purchasable","14":"product-type-simple"},"jetpack_sharing_enabled":true,"jetpack_likes_enabled":false,"_links":{"self":[{"href":"https:\/\/tangodiario.com\/en\/wp-json\/wp\/v2\/product\/4843","targetHints":{"allow":["GET"]}}],"collection":[{"href":"https:\/\/tangodiario.com\/en\/wp-json\/wp\/v2\/product"}],"about":[{"href":"https:\/\/tangodiario.com\/en\/wp-json\/wp\/v2\/types\/product"}],"replies":[{"embeddable":true,"href":"https:\/\/tangodiario.com\/en\/wp-json\/wp\/v2\/comments?post=4843"}],"version-history":[{"count":1,"href":"https:\/\/tangodiario.com\/en\/wp-json\/wp\/v2\/product\/4843\/revisions"}],"predecessor-version":[{"id":4848,"href":"https:\/\/tangodiario.com\/en\/wp-json\/wp\/v2\/product\/4843\/revisions\/4848"}],"wp:featuredmedia":[{"embeddable":true,"href":"https:\/\/tangodiario.com\/en\/wp-json\/wp\/v2\/media\/4846"}],"wp:attachment":[{"href":"https:\/\/tangodiario.com\/en\/wp-json\/wp\/v2\/media?parent=4843"}],"wp:term":[{"taxonomy":"product_brand","embeddable":true,"href":"https:\/\/tangodiario.com\/en\/wp-json\/wp\/v2\/product_brand?post=4843"},{"taxonomy":"product_cat","embeddable":true,"href":"https:\/\/tangodiario.com\/en\/wp-json\/wp\/v2\/product_cat?post=4843"},{"taxonomy":"product_tag","embeddable":true,"href":"https:\/\/tangodiario.com\/en\/wp-json\/wp\/v2\/product_tag?post=4843"}],"curies":[{"name":"wp","href":"https:\/\/api.w.org\/{rel}","templated":true}]}}