{"id":4759,"date":"2022-09-03T12:04:58","date_gmt":"2022-09-03T12:04:58","guid":{"rendered":"https:\/\/tangodiario.com\/?post_type=product&#038;p=4759"},"modified":"2024-10-03T22:31:00","modified_gmt":"2024-10-03T22:31:00","slug":"carlos-aguirre-pdf","status":"publish","type":"product","link":"https:\/\/tangodiario.com\/en\/product\/carlos-aguirre-pdf\/","title":{"rendered":"Carlos Aguirre, la entrevista"},"content":{"rendered":"<p>Carlos Aguirre, una transcripci\u00f3n exacta de la entrevista, 28_ p\u00e1ginas.<\/p>\n","protected":false},"excerpt":{"rendered":"<div><\/div>\n<div>\n<div>\n<h2>Carlos Aguirre<\/h2>\n<div>\n<p class=\"Text\"><span lang=\"ES-TRAD\">Hoy <\/span><span lang=\"DE\">les <\/span><span lang=\"IT\">\u00a0presento al <\/span><span lang=\"DE\">pianista<\/span><span lang=\"PT\">, guitarrista<\/span><span lang=\"DE\">, <\/span><span lang=\"ES-TRAD\">cantante<\/span> <span lang=\"ES-TRAD\">y compositor <\/span><span lang=\"DE\">Carlos Enrique Aguirre, mas conocido como el \u201eNegro Aguirre.\u201c<\/span> <span lang=\"DE\">Lo visit\u00e9 en su casa en Entre Rios en enero 2011.\u00a0<\/span><span lang=\"ES-TRAD\">El Negro Aguirre es un <\/span><span lang=\"DE\">virtuoso<\/span><span lang=\"ES-TRAD\"> de todo tipo de estilos musicales entre folclore <\/span><span lang=\"DE\">argentino, brasile\u00f1o, <\/span><span lang=\"FR\">la m<\/span>\u00fa<span lang=\"ES-TRAD\">sica improvisada y el jazz.<\/span><\/p>\n<\/div>\n<div>\n<p class=\"Text\"><span lang=\"ES-TRAD\">Carlos Aguirre naci<\/span>\u00f3 <span lang=\"ES-TRAD\">el 15 de julio de 1965 en Segui, provincia de Entre R<\/span>\u00ed<span lang=\"ES-TRAD\">os. Le encanta el r<\/span>\u00ed<span lang=\"PT\">o Paran<\/span>\u00e1<span lang=\"ES-TRAD\">, con el que creci\u00f3. Antes de entrevistarlo, dimos un largo paseo por el r<\/span>\u00ed<span lang=\"ES-TRAD\">o, cuyo<\/span> <span lang=\"ES-TRAD\">peces ya estaba<\/span><span lang=\"DE\">n<\/span><span lang=\"ES-TRAD\"> amenazado<\/span><span lang=\"DE\">s<\/span><span lang=\"ES-TRAD\"> en ese momento, algo que le duele mucho a Carlos y contra lo que lucha junto con otros.<\/span><\/p>\n<\/div>\n<div>\n<p class=\"Text\"><span lang=\"DE\">A <\/span><span lang=\"ES-TRAD\">la edad de 5 a\u00f1os, Carlos comienza a tocar el piano<\/span><span lang=\"DE\"> y se perfecciona con varios maestros destacados<\/span><span lang=\"ES-TRAD\">.\u00a0Tras tocar con el guitarrista Luis Salinas durante unos a\u00f1os, fund<\/span><span lang=\"DE\">a<\/span> <span lang=\"DE\">en 1996 <\/span><span lang=\"ES-TRAD\">el Carlos Aguirre Cuarteto. Act<\/span><span lang=\"DE\">\u00faa<\/span><span lang=\"IT\">con <\/span><span lang=\"DE\">este conjunto<\/span><span lang=\"ES-TRAD\"> en los escenarios m<\/span>\u00e1<span lang=\"ES-TRAD\">s importantes de Santa Fe y Entre R<\/span>\u00ed<span lang=\"ES-TRAD\">os y r<\/span>\u00e1<span lang=\"PT\">pidamente <\/span><span lang=\"DE\">es<\/span><span lang=\"ES-TRAD\"> conocido en todo el pa<\/span>\u00ed<span lang=\"PT\">s. <\/span><span lang=\"DE\">Comparte loes escenarios con <\/span><span lang=\"ES-TRAD\">otros importantes m<\/span>\u00fa<span lang=\"ES-TRAD\">sicos del Litoral como Jorge Fandermole, Liliana Herrera y Chacho M<\/span>\u00fcller.<\/p>\n<\/div>\n<div>\n<p class=\"Text\"><span lang=\"ES-TRAD\">En el a\u00f1<\/span><span lang=\"IT\">o 2000, il Negro <\/span><span lang=\"DE\">Aguirre funda<\/span><span lang=\"ES-TRAD\"> el sello independiente Shagrada Megra para promover la m<\/span>\u00fa<span lang=\"ES-TRAD\">sica del Litoral y, especialmente, a los m<\/span>\u00fa<span lang=\"PT\">sicos j<\/span><span lang=\"ES-TRAD\">\u00f3venes y a<\/span>\u00fa<span lang=\"ES-TRAD\">n desconocidos. Aguirre ha editado muchos maravillosos C<\/span><span lang=\"DE\">ompact<\/span><span lang=\"ES-TRAD\">s con un dise\u00f1o muy especial. <\/span><\/p>\n<\/div>\n<div>\n<p class=\"Text\"><span lang=\"ES-TRAD\">El Paran<\/span>\u00e1, <span lang=\"DE\">rio <\/span><span lang=\"ES-TRAD\">impresionantemente ancho y de flujo tranquilo, dio a nuestra conversaci\u00f3n una direcci\u00f3n filos\u00f3fica, acorde con la naturaleza de<\/span><span lang=\"DE\">l<\/span><span lang=\"ES-TRAD\"> Negro Aguirre:<\/span><\/p>\n<\/div>\n<div>\n<p class=\"Text\"><span lang=\"ES-TRAD\">Para Carlos, el arte implica una b<\/span>\u00fa<span lang=\"ES-TRAD\">squeda constante de nuevas respuestas. Quiere continuar con lo que caracteriza la m<\/span>\u00fa<span lang=\"ES-TRAD\">sica de sus <\/span>\u00ed<span lang=\"PT\">dolos Eduardo Fal<\/span>\u00fa y <span lang=\"DE\">el <\/span><span lang=\"PT\">Cuchi Leguizam<\/span><span lang=\"ES-TRAD\">\u00f3n: la conexi\u00f3<\/span><span lang=\"FR\">n entre la tradici<\/span><span lang=\"ES-TRAD\">\u00f3n y el desarrollo del folclore argentino y otros estilos musicales como el jazz y los ritmos brasile\u00f1<\/span><span lang=\"PT\">os. <\/span><\/p>\n<\/div>\n<div>\n<p class=\"Text\"><span lang=\"ES-TRAD\">Carlos lee mucho y se inspira en e<\/span><span lang=\"DE\">stos libros<\/span><span lang=\"ES-TRAD\"> para su m<\/span>\u00fa<span lang=\"ES-TRAD\">sica. En enero de 2011, estuvo estudiando la obra de Italo Calvino. Otra fuente de inspiraci\u00f3n son los recuerdos de viejos m<\/span>\u00fa<span lang=\"PT\">sicos <\/span><span lang=\"DE\">del Litoral<\/span><span lang=\"ES-TRAD\"> como<\/span><span lang=\"DE\"> del<\/span><span lang=\"PT\"> &#8220;Zurdo Mart<\/span>\u00ed<span lang=\"ES-TRAD\">nez&#8221;, que Carlos quiere preservar para las generaciones futuras y por e<\/span><span lang=\"DE\">sto los<\/span><span lang=\"ES-TRAD\"> graba en C<\/span><span lang=\"DE\">ompact<\/span>.<\/p>\n<\/div>\n<div>\n<p class=\"Text\"><span lang=\"ES-TRAD\">Escuche<\/span><span lang=\"DE\">n<\/span><span lang=\"ES-TRAD\"> usted<\/span><span lang=\"DE\">es<\/span><span lang=\"ES-TRAD\"> mismo<\/span><span lang=\"DE\">s todo<\/span><span lang=\"ES-TRAD\"> lo que me dijo el Negro Aguirre aquella ma\u00f1ana en Entre R<\/span>\u00ed<span lang=\"ES-TRAD\">os y qu<\/span><span lang=\"FR\">\u00e9 <\/span><span lang=\"ES-TRAD\">filosof<\/span>\u00ed<span lang=\"ES-TRAD\">a de vida caracteriza a este inspirador y v<\/span><span lang=\"DE\">irtuoso <\/span>m\u00fa<span lang=\"ES-TRAD\">sico excepcional.<\/span><\/p>\n[caption id=\"attachment_4737\" align=\"alignnone\" width=\"300\"]<img fetchpriority=\"high\" decoding=\"async\" class=\"size-medium wp-image-4737\" src=\"https:\/\/tangodiario.com\/wp-content\/uploads\/2022\/09\/Aquirre-3-300x169.jpeg\" alt=\"Carlos Aguirre\" width=\"300\" height=\"169\" srcset=\"https:\/\/i0.wp.com\/tangodiario.com\/wp-content\/uploads\/2022\/09\/Aquirre-3.jpeg?resize=300%2C169&amp;ssl=1 300w, https:\/\/i0.wp.com\/tangodiario.com\/wp-content\/uploads\/2022\/09\/Aquirre-3.jpeg?resize=768%2C432&amp;ssl=1 768w, https:\/\/i0.wp.com\/tangodiario.com\/wp-content\/uploads\/2022\/09\/Aquirre-3.jpeg?resize=750%2C422&amp;ssl=1 750w, https:\/\/i0.wp.com\/tangodiario.com\/wp-content\/uploads\/2022\/09\/Aquirre-3.jpeg?resize=800%2C450&amp;ssl=1 800w, https:\/\/i0.wp.com\/tangodiario.com\/wp-content\/uploads\/2022\/09\/Aquirre-3.jpeg?resize=600%2C337&amp;ssl=1 600w, https:\/\/i0.wp.com\/tangodiario.com\/wp-content\/uploads\/2022\/09\/Aquirre-3.jpeg?w=900&amp;ssl=1 900w\" sizes=\"(max-width: 300px) 100vw, 300px\" \/> Carlos Aguirre[\/caption]\n<\/div>\n<\/div>\n<div>\n<div>\n<div><\/div>\n<div>\n<div class=\"mceTemp\"><\/div>\n<\/div>\n<\/div>\n<div>\n<div><\/div>\n<div>\n<div class=\"mceTemp\"><\/div>\n<\/div>\n<\/div>\n<\/div>\n<\/div>\n","protected":false},"featured_media":4764,"comment_status":"open","ping_status":"closed","template":"","meta":{"nf_dc_page":"","_eb_attr":"","_monsterinsights_skip_tracking":false,"_monsterinsights_sitenote_active":false,"_monsterinsights_sitenote_note":"","_monsterinsights_sitenote_category":0,"episode_type":"","audio_file":"","podmotor_file_id":"","podmotor_episode_id":"","cover_image":"","cover_image_id":"","duration":"","filesize":"","filesize_raw":"","date_recorded":"","explicit":"","block":""},"product_brand":[],"product_cat":[82],"product_tag":[],"class_list":{"0":"post-4759","1":"product","2":"type-product","3":"status-publish","4":"has-post-thumbnail","6":"product_cat-folclore-descarga-digital","8":"first","9":"instock","10":"sale","11":"downloadable","12":"shipping-taxable","13":"purchasable","14":"product-type-simple"},"jetpack_sharing_enabled":true,"jetpack_likes_enabled":false,"_links":{"self":[{"href":"https:\/\/tangodiario.com\/en\/wp-json\/wp\/v2\/product\/4759","targetHints":{"allow":["GET"]}}],"collection":[{"href":"https:\/\/tangodiario.com\/en\/wp-json\/wp\/v2\/product"}],"about":[{"href":"https:\/\/tangodiario.com\/en\/wp-json\/wp\/v2\/types\/product"}],"replies":[{"embeddable":true,"href":"https:\/\/tangodiario.com\/en\/wp-json\/wp\/v2\/comments?post=4759"}],"version-history":[{"count":3,"href":"https:\/\/tangodiario.com\/en\/wp-json\/wp\/v2\/product\/4759\/revisions"}],"predecessor-version":[{"id":4766,"href":"https:\/\/tangodiario.com\/en\/wp-json\/wp\/v2\/product\/4759\/revisions\/4766"}],"wp:featuredmedia":[{"embeddable":true,"href":"https:\/\/tangodiario.com\/en\/wp-json\/wp\/v2\/media\/4764"}],"wp:attachment":[{"href":"https:\/\/tangodiario.com\/en\/wp-json\/wp\/v2\/media?parent=4759"}],"wp:term":[{"taxonomy":"product_brand","embeddable":true,"href":"https:\/\/tangodiario.com\/en\/wp-json\/wp\/v2\/product_brand?post=4759"},{"taxonomy":"product_cat","embeddable":true,"href":"https:\/\/tangodiario.com\/en\/wp-json\/wp\/v2\/product_cat?post=4759"},{"taxonomy":"product_tag","embeddable":true,"href":"https:\/\/tangodiario.com\/en\/wp-json\/wp\/v2\/product_tag?post=4759"}],"curies":[{"name":"wp","href":"https:\/\/api.w.org\/{rel}","templated":true}]}}