{"id":4711,"date":"2022-08-08T08:34:25","date_gmt":"2022-08-08T08:34:25","guid":{"rendered":"https:\/\/tangodiario.com\/?post_type=product&#038;p=4711"},"modified":"2024-10-03T22:31:00","modified_gmt":"2024-10-03T22:31:00","slug":"mario-abramovich-violinista-del-tango","status":"publish","type":"product","link":"https:\/\/tangodiario.com\/en\/product\/mario-abramovich-violinista-del-tango\/","title":{"rendered":"Mario Abramovich, la entrevista"},"content":{"rendered":"<p>Mario Abramovich, una transcripci\u00f3n exacta de la entrevista, 44 p\u00e1ginas.<\/p>\n","protected":false},"excerpt":{"rendered":"<div><\/div>\n<div>\n<div>\n<h2>Mario Abramovich (1926 &#8211; 2004)<\/h2>\n[caption id=\"attachment_4684\" align=\"alignnone\" width=\"300\"]<img fetchpriority=\"high\" decoding=\"async\" class=\"size-medium wp-image-4684\" src=\"https:\/\/tangodiario.com\/wp-content\/uploads\/2022\/08\/Abramovic-300x288.jpg\" alt=\"Mario Abramovich\" width=\"300\" height=\"288\" srcset=\"https:\/\/i0.wp.com\/tangodiario.com\/wp-content\/uploads\/2022\/08\/Abramovic.jpg?resize=300%2C288&amp;ssl=1 300w, https:\/\/i0.wp.com\/tangodiario.com\/wp-content\/uploads\/2022\/08\/Abramovic.jpg?w=447&amp;ssl=1 447w\" sizes=\"(max-width: 300px) 100vw, 300px\" \/> Mario Abramovich[\/caption]\n<\/div>\n<div>\n<p><!-- wp:paragraph {\"className\":\"wp-embed-aspect-4-3 wp-has-aspect-ratio\"} --><\/p>\n<p class=\"wp-embed-aspect-4-3 wp-has-aspect-ratio\">Ahorra una otra entrevista\u00a0que tuve en enero del 1996\u00a0con un gran violinista\u00a0y cofundador del Sexteto Mayor: Mario Abramovich.<\/p>\n<p><!-- \/wp:paragraph --> <!-- wp:paragraph {\"className\":\"wp-embed-aspect-4-3 wp-has-aspect-ratio\"} --><\/p>\n<p class=\"wp-embed-aspect-4-3 wp-has-aspect-ratio\">Mario naci\u00f3\u00a0el 31 de octubre de 1926. En nuestra charla\u00a0cuenta c\u00f3mo empez\u00f3\u00a0a tocar el viol\u00edn para complacer a sus padres. Pero pronto el deber se convirti\u00f3\u00a0en una pasi\u00f3n y practic\u00f3\u00a0obsesivamente.\u00a0Por esto, fue contratado\u00a0ya\u00a0de joven en la orquesta del Teatro Col\u00f3n.<\/p>\n<p><!-- \/wp:paragraph --> <!-- wp:paragraph {\"className\":\"wp-embed-aspect-4-3 wp-has-aspect-ratio\"} --><\/p>\n<p class=\"wp-embed-aspect-4-3 wp-has-aspect-ratio\">A los 17 a\u00f1os, Mario descubri\u00f3 tambi\u00e9n el tango, porque en los a\u00f1os 40 hab\u00eda muchisimas orquestas\u00a0en Buenos Aires. Tenia 3 \u00eddolos de\u00a0violinistas de tango: Elvino Vardaro, Enrique Francini y Enrique Camerano, cada uno con su propio estilo.\u00a0\u00a0Abramovich\u00a0cuenta\u00a0que\u00a0ha tocado\u00a0con\u00a0m\u00e1s de cuarenta\u00a0orquestas porque estuvo tan curioso de\u00a0descubrir\u00a0estilos diferentes.<\/p>\n<p><!-- \/wp:paragraph --> <!-- wp:paragraph {\"className\":\"wp-embed-aspect-4-3 wp-has-aspect-ratio\"} --><\/p>\n<p class=\"wp-embed-aspect-4-3 wp-has-aspect-ratio\">Toc\u00f3\u00a0el primer viol\u00edn en las orquestas de Osvaldo Fresedo, Miguel Cal\u00f3 y H\u00e9ctor Varela. Y desde 1973 hasta su muerte en 2004, fue el primer viol\u00edn del Sexteto Mayor. Lo que no le impidi\u00f3\u00a0grabar con\u00a0An\u00edbal Troilo, Juan D&#8217;Arienzo y en 1987 con Bryan Ferry.<\/p>\n<p><!-- \/wp:paragraph --> <!-- wp:paragraph {\"className\":\"wp-embed-aspect-4-3 wp-has-aspect-ratio\"} --><\/p>\n<p class=\"wp-embed-aspect-4-3 wp-has-aspect-ratio\">Escuchen ustedes mismos\u00a0lo que este legendario violinista\u00a0nos cuenta de\u00a0su riquisima vida musical.<\/p>\n<p><!-- \/wp:paragraph --><\/p>\n<\/div>\n<\/div>\n","protected":false},"featured_media":4714,"comment_status":"open","ping_status":"closed","template":"","meta":{"nf_dc_page":"","_eb_attr":"","_monsterinsights_skip_tracking":false,"_monsterinsights_sitenote_active":false,"_monsterinsights_sitenote_note":"","_monsterinsights_sitenote_category":0,"episode_type":"","audio_file":"","podmotor_file_id":"","podmotor_episode_id":"","cover_image":"","cover_image_id":"","duration":"","filesize":"","filesize_raw":"","date_recorded":"","explicit":"","block":""},"product_brand":[],"product_cat":[59],"product_tag":[],"class_list":{"0":"post-4711","1":"product","2":"type-product","3":"status-publish","4":"has-post-thumbnail","6":"product_cat-pdf","8":"first","9":"instock","10":"sale","11":"downloadable","12":"shipping-taxable","13":"purchasable","14":"product-type-simple"},"jetpack_sharing_enabled":true,"jetpack_likes_enabled":false,"_links":{"self":[{"href":"https:\/\/tangodiario.com\/en\/wp-json\/wp\/v2\/product\/4711","targetHints":{"allow":["GET"]}}],"collection":[{"href":"https:\/\/tangodiario.com\/en\/wp-json\/wp\/v2\/product"}],"about":[{"href":"https:\/\/tangodiario.com\/en\/wp-json\/wp\/v2\/types\/product"}],"replies":[{"embeddable":true,"href":"https:\/\/tangodiario.com\/en\/wp-json\/wp\/v2\/comments?post=4711"}],"version-history":[{"count":3,"href":"https:\/\/tangodiario.com\/en\/wp-json\/wp\/v2\/product\/4711\/revisions"}],"predecessor-version":[{"id":4718,"href":"https:\/\/tangodiario.com\/en\/wp-json\/wp\/v2\/product\/4711\/revisions\/4718"}],"wp:featuredmedia":[{"embeddable":true,"href":"https:\/\/tangodiario.com\/en\/wp-json\/wp\/v2\/media\/4714"}],"wp:attachment":[{"href":"https:\/\/tangodiario.com\/en\/wp-json\/wp\/v2\/media?parent=4711"}],"wp:term":[{"taxonomy":"product_brand","embeddable":true,"href":"https:\/\/tangodiario.com\/en\/wp-json\/wp\/v2\/product_brand?post=4711"},{"taxonomy":"product_cat","embeddable":true,"href":"https:\/\/tangodiario.com\/en\/wp-json\/wp\/v2\/product_cat?post=4711"},{"taxonomy":"product_tag","embeddable":true,"href":"https:\/\/tangodiario.com\/en\/wp-json\/wp\/v2\/product_tag?post=4711"}],"curies":[{"name":"wp","href":"https:\/\/api.w.org\/{rel}","templated":true}]}}