{"id":4650,"date":"2022-08-05T18:47:08","date_gmt":"2022-08-05T18:47:08","guid":{"rendered":"https:\/\/tangodiario.com\/?post_type=product&#038;p=4650"},"modified":"2024-10-03T22:31:00","modified_gmt":"2024-10-03T22:31:00","slug":"anibal-arias-la-entrevista-copy","status":"publish","type":"product","link":"https:\/\/tangodiario.com\/en\/product\/anibal-arias-la-entrevista-copy\/","title":{"rendered":"An\u00edbal Arias, la entrevista"},"content":{"rendered":"<p>An\u00edbal Arias, una transcripci\u00f3n exacta de la entrevista, 28 p\u00e1ginas.<\/p>\n","protected":false},"excerpt":{"rendered":"<div><\/div>\n<div>\n<div>\n<h2>An\u00edbal Arias (1922 &#8211; 2010)<\/h2>\n<p>Bienvenidos al podcast &#8220;Los maestros de la m\u00fasica cuentan&#8221;. Hoy les presento mi conversaci\u00f3n con el ahora difunto guitarrista Anibal Arias, en una entrevista que grab\u00e9 en Buenos Aires en 1998.<\/p>\n<p>Conoc\u00ed a Anibal Arias en la Escuela de m\u00fasica popular de Avellaneda, donde estudi\u00e9 durante un tiempo. Arias hab\u00eda cofundado esta escuela de m\u00fasica de tango y folclore. Tambi\u00e9n lo escuch\u00e9 tocar en un d\u00fao con el gran bandoneonista Osvaldo Montes y en la Orquesta del Tango de Buenos Aires en la Avenida Corrientes, una orquesta municipal de tango que \u00e9l tambi\u00e9n hab\u00eda cofundado.<\/p>\n<p>Cuando visit\u00e9 Anibal Arias en su casa, me llev\u00f3 directamente al estudio. Estaba lleno de libros, peri\u00f3dicos y fotograf\u00edas sobre el tango. Anibal Arias pas\u00f3 su vida investigando los or\u00edgenes y la historia de este estilo musical, un conocimiento que fue muy feliz de transmitir. \u00a1Escuchen lo que me dijo sobre este tema!.<\/p>\n<\/div>\n<div>\n<div>\n<div><\/div>\n<\/div>\n<div>\n<div><\/div>\n<\/div>\n<\/div>\n<\/div>\n","protected":false},"featured_media":4656,"comment_status":"open","ping_status":"closed","template":"","meta":{"nf_dc_page":"","_eb_attr":"","_monsterinsights_skip_tracking":false,"_monsterinsights_sitenote_active":false,"_monsterinsights_sitenote_note":"","_monsterinsights_sitenote_category":0,"episode_type":"","audio_file":"","podmotor_file_id":"","podmotor_episode_id":"","cover_image":"","cover_image_id":"","duration":"","filesize":"","filesize_raw":"","date_recorded":"","explicit":"","block":""},"product_brand":[],"product_cat":[59],"product_tag":[],"class_list":{"0":"post-4650","1":"product","2":"type-product","3":"status-publish","4":"has-post-thumbnail","6":"product_cat-pdf","8":"first","9":"instock","10":"sale","11":"downloadable","12":"shipping-taxable","13":"purchasable","14":"product-type-simple"},"jetpack_sharing_enabled":true,"jetpack_likes_enabled":false,"_links":{"self":[{"href":"https:\/\/tangodiario.com\/en\/wp-json\/wp\/v2\/product\/4650","targetHints":{"allow":["GET"]}}],"collection":[{"href":"https:\/\/tangodiario.com\/en\/wp-json\/wp\/v2\/product"}],"about":[{"href":"https:\/\/tangodiario.com\/en\/wp-json\/wp\/v2\/types\/product"}],"replies":[{"embeddable":true,"href":"https:\/\/tangodiario.com\/en\/wp-json\/wp\/v2\/comments?post=4650"}],"version-history":[{"count":3,"href":"https:\/\/tangodiario.com\/en\/wp-json\/wp\/v2\/product\/4650\/revisions"}],"predecessor-version":[{"id":4658,"href":"https:\/\/tangodiario.com\/en\/wp-json\/wp\/v2\/product\/4650\/revisions\/4658"}],"wp:featuredmedia":[{"embeddable":true,"href":"https:\/\/tangodiario.com\/en\/wp-json\/wp\/v2\/media\/4656"}],"wp:attachment":[{"href":"https:\/\/tangodiario.com\/en\/wp-json\/wp\/v2\/media?parent=4650"}],"wp:term":[{"taxonomy":"product_brand","embeddable":true,"href":"https:\/\/tangodiario.com\/en\/wp-json\/wp\/v2\/product_brand?post=4650"},{"taxonomy":"product_cat","embeddable":true,"href":"https:\/\/tangodiario.com\/en\/wp-json\/wp\/v2\/product_cat?post=4650"},{"taxonomy":"product_tag","embeddable":true,"href":"https:\/\/tangodiario.com\/en\/wp-json\/wp\/v2\/product_tag?post=4650"}],"curies":[{"name":"wp","href":"https:\/\/api.w.org\/{rel}","templated":true}]}}