{"id":4467,"date":"2022-06-20T19:47:58","date_gmt":"2022-06-20T19:47:58","guid":{"rendered":"https:\/\/tangodiario.com\/?post_type=product&#038;p=4467"},"modified":"2024-10-03T22:31:00","modified_gmt":"2024-10-03T22:31:00","slug":"eduardo-falu-la-entrevista-copy","status":"publish","type":"product","link":"https:\/\/tangodiario.com\/en\/product\/eduardo-falu-la-entrevista-copy\/","title":{"rendered":"Eduardo Fal\u00fa, la entrevista"},"content":{"rendered":"<p>Eduardo Falu, una transcripci\u00f3n exacta de la entrevista, 24 p\u00e1ginas.<\/p>\n","protected":false},"excerpt":{"rendered":"<div><\/div>\n<div>\n<div>\n<h2>Eduardo Falu<\/h2>\n<\/div>\n<div>\n<div>\n[caption id=\"attachment_3887\" align=\"alignnone\" width=\"300\"]<img fetchpriority=\"high\" decoding=\"async\" class=\"size-medium wp-image-3887\" src=\"https:\/\/tangodiario.com\/wp-content\/uploads\/2022\/04\/Eduardo-Falu-1-1-300x200.jpg\" alt=\"Eduardo Fal\u00fa\" width=\"300\" height=\"200\" srcset=\"https:\/\/i0.wp.com\/tangodiario.com\/wp-content\/uploads\/2022\/04\/Eduardo-Falu-1-1.jpg?resize=300%2C200&amp;ssl=1 300w, https:\/\/i0.wp.com\/tangodiario.com\/wp-content\/uploads\/2022\/04\/Eduardo-Falu-1-1.jpg?resize=768%2C512&amp;ssl=1 768w, https:\/\/i0.wp.com\/tangodiario.com\/wp-content\/uploads\/2022\/04\/Eduardo-Falu-1-1.jpg?resize=750%2C500&amp;ssl=1 750w, https:\/\/i0.wp.com\/tangodiario.com\/wp-content\/uploads\/2022\/04\/Eduardo-Falu-1-1.jpg?resize=800%2C533&amp;ssl=1 800w, https:\/\/i0.wp.com\/tangodiario.com\/wp-content\/uploads\/2022\/04\/Eduardo-Falu-1-1.jpg?resize=600%2C400&amp;ssl=1 600w, https:\/\/i0.wp.com\/tangodiario.com\/wp-content\/uploads\/2022\/04\/Eduardo-Falu-1-1.jpg?w=960&amp;ssl=1 960w\" sizes=\"(max-width: 300px) 100vw, 300px\" \/> Eduardo Fal\u00fa[\/caption]\n<p class=\"Text\"><span lang=\"ES-TRAD\">Hace m<\/span><span lang=\"DE\">\u00e1<\/span><span lang=\"PT\">s de 20 a<\/span><span lang=\"ES-TRAD\">\u00f1os, tuve el <\/span><span lang=\"DE\">gran <\/span><span lang=\"ES-TRAD\">honor de charlar con el <\/span><span lang=\"DE\">maravilloso<\/span><span lang=\"ES-TRAD\"> guitarrista y compositor Eduardo Fal<\/span><span lang=\"IT\">\u00f9 <\/span><span lang=\"ES-TRAD\">en su casa. <\/span><\/p>\n<\/div>\n<div>\n<p class=\"Text\"><span lang=\"PT\">Eduardo Fal<\/span><span lang=\"DE\">\u00fa <\/span><span lang=\"ES-TRAD\">naci<\/span><span lang=\"DE\">\u00f3 <\/span><span lang=\"ES-TRAD\">el 7 de julio de 1923 en El Galp\u00f3n, provincia de Salta. Sus padres hab<\/span><span lang=\"DE\">\u00ed<\/span><span lang=\"ES-TRAD\">an emigrado de Siria y <\/span><span lang=\"DE\">ten\u00edan un negocio de Ramos Generales.<\/span><\/p>\n<\/div>\n<div>\n<p class=\"Text\"><span lang=\"ES-TRAD\">A los 11 a\u00f1os, Eduardo Falu comenz<\/span><span lang=\"DE\">\u00f3 <\/span><span lang=\"ES-TRAD\">a tocar la guitarra de forma autodidacta. A partir de 1937<\/span> <span lang=\"PT\">estudi<\/span><span lang=\"DE\">\u00f3 <\/span><span lang=\"ES-TRAD\">en Salta y escribi<\/span><span lang=\"DE\">\u00f3 <\/span><span lang=\"ES-TRAD\">sus primeras canciones. <\/span><\/p>\n<\/div>\n<div>\n<p class=\"Text\"><span lang=\"ES-TRAD\">En 1945, se traslad<\/span><span lang=\"DE\">\u00f3 <\/span><span lang=\"ES-TRAD\">a Buenos Aires<\/span><span lang=\"DE\"> y <\/span><span lang=\"ES-TRAD\">comenz<\/span><span lang=\"DE\">\u00f3 <\/span><span lang=\"ES-TRAD\">a actuar en la radio El Mun<\/span><span lang=\"DE\">do<\/span><span lang=\"ES-TRAD\">. Con el <\/span><span lang=\"DE\">destacado <\/span><span lang=\"PT\">poeta Jaime D<\/span><span lang=\"DE\">\u00e1<\/span><span lang=\"ES-TRAD\">valos escribi<\/span><span lang=\"DE\">\u00f3 <\/span><span lang=\"ES-TRAD\">maravillosas canciones como<\/span><span lang=\"DE\"> la<\/span><span lang=\"ES-TRAD\"> &#8220;Zamba de la Candelaria&#8221;, que se convirti<\/span><span lang=\"DE\">\u00f3 enseguida <\/span><span lang=\"ES-TRAD\">en un <\/span><span lang=\"FR\">\u00e9<\/span><span lang=\"ES-TRAD\">xito en toda Argentina y m<\/span><span lang=\"DE\">\u00e1<\/span><span lang=\"EN-US\">s all<\/span><span lang=\"DE\">\u00e1 <\/span><span lang=\"ES-TRAD\">de las fronteras del pa<\/span><span lang=\"DE\">\u00ed<\/span><span lang=\"PT\">s.<\/span><\/p>\n<\/div>\n<div>\n<p class=\"Text\"><span lang=\"PT\">Eduardo Fal<\/span><span lang=\"DE\">\u00fa <\/span><span lang=\"ES-TRAD\">tambi<\/span><span lang=\"FR\">\u00e9<\/span><span lang=\"DE\">n compuso m\u00fasica para letras<\/span><span lang=\"ES-TRAD\"> de otros grandes poetas argentinos como Manuel Castilla, Ernesto Sabato y Jorge Luis Borges. A partir de los a\u00f1<\/span><span lang=\"PT\">os 70<\/span><span lang=\"DE\"> hasta el 1998 <\/span><span lang=\"PT\">\u00a0Eduardo Fal<\/span><span lang=\"DE\">\u00fa tenia giras por<\/span><span lang=\"ES-TRAD\"> todo el mundo.\u00a0<\/span><span lang=\"ES-TRAD\">En nuestra conversaci\u00f3<\/span><span lang=\"PT\">n, Eduardo Fal<\/span><span lang=\"DE\">\u00fa <\/span><span lang=\"IT\">me cont<\/span><span lang=\"DE\">\u00f3 <\/span><span lang=\"ES-TRAD\">por qu<\/span><span lang=\"FR\">\u00e9 <\/span><span lang=\"ES-TRAD\">Argentina tiene tanta riqueza de <\/span><span lang=\"DE\">ritm<\/span><span lang=\"PT\">os folcl<\/span><span lang=\"ES-TRAD\">\u00f3<\/span><span lang=\"PT\">ricos. <\/span><span lang=\"DE\">T<\/span><span lang=\"ES-TRAD\">iene que ver con los diferentes paisajes d<\/span><span lang=\"DE\">el enorme pa\u00eds <\/span><span lang=\"ES-TRAD\">y con las influencias <\/span><span lang=\"DE\">del origen y de los varios <\/span><span lang=\"IT\">idioma<\/span><span lang=\"DE\">s <\/span><span lang=\"ES-TRAD\">de todos los inmigrantes que llegaron a Argentina.<\/span><\/p>\n<\/div>\n<div>\n<p class=\"Text\"><span lang=\"ES-TRAD\">En el noroeste de Argentina, las influencias espa\u00f1olas se fusionaron con la cultura inca. Esto dio lugar a Zamba, Baguala, Carnavalito, Bailecito<\/span><span lang=\"DE\"> y <\/span><span lang=\"ES-TRAD\">Chacarera, <\/span><span lang=\"DE\">entre otros.<\/span><\/p>\n<\/div>\n<div>\n<p class=\"Text\"><span lang=\"DE\">E<\/span><span lang=\"ES-TRAD\">l paisaje de Salta<\/span><span lang=\"DE\"> le <\/span><span lang=\"PT\">inspira <\/span><span lang=\"DE\">para sus composiciones, me coment\u00f3 Eduardo Fal\u00fa.\u00a0 Se lo lleva adentro, aunque <\/span><span lang=\"ES-TRAD\">vive en Buenos Aires desde su juventud.\u00a0<\/span><span lang=\"DE\">E<\/span><span lang=\"ES-TRAD\">scuche<\/span><span lang=\"DE\">n<\/span><span lang=\"ES-TRAD\"> usted<\/span><span lang=\"DE\">es<\/span><span lang=\"ES-TRAD\"> mismo<\/span><span lang=\"DE\">s todo <\/span><span lang=\"ES-TRAD\">lo que me dijo este gran maestro <\/span><span lang=\"DE\">\u00a0que falleci\u00f3 en agosto del 2013 a la edad de 90 a\u00f1os.<\/span><\/p>\n[audio mp3=\"https:\/\/tangodiario.com\/wp-content\/uploads\/2022\/06\/Edouardo-Falu-podcast-V2.mp3\"][\/audio]\n<\/div>\n<\/div>\n<\/div>\n","protected":false},"featured_media":4472,"comment_status":"open","ping_status":"closed","template":"","meta":{"nf_dc_page":"","_eb_attr":"","_monsterinsights_skip_tracking":false,"_monsterinsights_sitenote_active":false,"_monsterinsights_sitenote_note":"","_monsterinsights_sitenote_category":0,"episode_type":"","audio_file":"","podmotor_file_id":"","podmotor_episode_id":"","cover_image":"","cover_image_id":"","duration":"","filesize":"","filesize_raw":"","date_recorded":"","explicit":"","block":""},"product_brand":[],"product_cat":[82],"product_tag":[],"class_list":{"0":"post-4467","1":"product","2":"type-product","3":"status-publish","4":"has-post-thumbnail","6":"product_cat-folclore-descarga-digital","8":"first","9":"instock","10":"sale","11":"downloadable","12":"shipping-taxable","13":"purchasable","14":"product-type-simple"},"jetpack_sharing_enabled":true,"jetpack_likes_enabled":false,"_links":{"self":[{"href":"https:\/\/tangodiario.com\/en\/wp-json\/wp\/v2\/product\/4467","targetHints":{"allow":["GET"]}}],"collection":[{"href":"https:\/\/tangodiario.com\/en\/wp-json\/wp\/v2\/product"}],"about":[{"href":"https:\/\/tangodiario.com\/en\/wp-json\/wp\/v2\/types\/product"}],"replies":[{"embeddable":true,"href":"https:\/\/tangodiario.com\/en\/wp-json\/wp\/v2\/comments?post=4467"}],"version-history":[{"count":1,"href":"https:\/\/tangodiario.com\/en\/wp-json\/wp\/v2\/product\/4467\/revisions"}],"predecessor-version":[{"id":4474,"href":"https:\/\/tangodiario.com\/en\/wp-json\/wp\/v2\/product\/4467\/revisions\/4474"}],"wp:featuredmedia":[{"embeddable":true,"href":"https:\/\/tangodiario.com\/en\/wp-json\/wp\/v2\/media\/4472"}],"wp:attachment":[{"href":"https:\/\/tangodiario.com\/en\/wp-json\/wp\/v2\/media?parent=4467"}],"wp:term":[{"taxonomy":"product_brand","embeddable":true,"href":"https:\/\/tangodiario.com\/en\/wp-json\/wp\/v2\/product_brand?post=4467"},{"taxonomy":"product_cat","embeddable":true,"href":"https:\/\/tangodiario.com\/en\/wp-json\/wp\/v2\/product_cat?post=4467"},{"taxonomy":"product_tag","embeddable":true,"href":"https:\/\/tangodiario.com\/en\/wp-json\/wp\/v2\/product_tag?post=4467"}],"curies":[{"name":"wp","href":"https:\/\/api.w.org\/{rel}","templated":true}]}}