{"id":4395,"date":"2022-06-06T07:44:27","date_gmt":"2022-06-06T07:44:27","guid":{"rendered":"https:\/\/tangodiario.com\/?post_type=product&#038;p=4395"},"modified":"2024-10-03T22:31:00","modified_gmt":"2024-10-03T22:31:00","slug":"victor-hugo-villena-la-entrevista-copy-2","status":"publish","type":"product","link":"https:\/\/tangodiario.com\/en\/product\/victor-hugo-villena-la-entrevista-copy-2\/","title":{"rendered":"V\u00edctor Hugo Villena,  la entrevista"},"content":{"rendered":"<p>V\u00edctor Hugo Villena, una transcripci\u00f3n exacta de la entrevista, 34 p\u00e1ginas.<\/p>\n","protected":false},"excerpt":{"rendered":"<div>\n<h2><span lang=\"DE\">V\u00edctor Hugo Villena<\/span><\/h2>\n<\/div>\n<div>\n<div>\u00a0Hoy pueden escuchar una conversaci\u00f3n que tuve con el maravilloso bandoneonista V\u00edctor Villena a principios de marzo de 2020. Es uno de los mejores m\u00fasicos de la generaci\u00f3n actual, tiene solo 40 a\u00f1os y ahora vive en el sur de Francia. Lo conozco desde 1998, cuando ambos tocamos en la Gran Orquesta de Tango de Juan Jos\u00e9 Mosalini.<\/div>\n<div>\n<p>V\u00edctor hab\u00eda venido a Par\u00eds para perfeccionar su actuaci\u00f3n en Europa y vivir nuevas experiencias. Porque en Buenos Aires, en ese momento, a\u00fan hab\u00eda la escena del tango estaba a\u00fan muy tranquila.<\/p>\n<p>\u00a1V\u00edctor no ten\u00eda ni veinte a\u00f1os y ya estaba tocando con tanta calidad y virtuosidad musical! Pero su gran talento no se le hab\u00eda subido a la cabeza. Tengo buenos recuerdos de \u00e9l como un colega muy atento y curioso. Y as\u00ed ha permanecido hasta hoy. Ya sea en el tr\u00edo de Gustavo Beytelmann, en el Gotan Project, de gira con Ute Lemper o con sus propios proyectos, Victor est\u00e1 siempre abierto a todo tipo de estilos e influencias musicales, siempre que le interesen art\u00edsticamente.<\/p>\n<p>Su carrera representa la de muchos j\u00f3venes m\u00fasicos que se han dedicado al tango desde el cambio de milenio y han ayudado a dar forma a su renacimiento.<\/p>\n<p>Escuche usted mismo lo que V\u00edctor tiene que decir.<\/p>\n[caption id=\"attachment_4259\" align=\"alignnone\" width=\"300\"]<img fetchpriority=\"high\" decoding=\"async\" class=\"size-medium wp-image-4259\" src=\"https:\/\/tangodiario.com\/wp-content\/uploads\/2022\/04\/Victor-Villena_-Passions-du-SudMD-scaled-1-300x199.jpg\" alt=\"Victor Hugo Villena\" width=\"300\" height=\"199\" srcset=\"https:\/\/i0.wp.com\/tangodiario.com\/wp-content\/uploads\/2022\/04\/Victor-Villena_-Passions-du-SudMD-scaled-1.jpg?resize=300%2C199&amp;ssl=1 300w, https:\/\/i0.wp.com\/tangodiario.com\/wp-content\/uploads\/2022\/04\/Victor-Villena_-Passions-du-SudMD-scaled-1.jpg?resize=1024%2C680&amp;ssl=1 1024w, https:\/\/i0.wp.com\/tangodiario.com\/wp-content\/uploads\/2022\/04\/Victor-Villena_-Passions-du-SudMD-scaled-1.jpg?resize=768%2C510&amp;ssl=1 768w, https:\/\/i0.wp.com\/tangodiario.com\/wp-content\/uploads\/2022\/04\/Victor-Villena_-Passions-du-SudMD-scaled-1.jpg?resize=1536%2C1020&amp;ssl=1 1536w, https:\/\/i0.wp.com\/tangodiario.com\/wp-content\/uploads\/2022\/04\/Victor-Villena_-Passions-du-SudMD-scaled-1.jpg?resize=2048%2C1360&amp;ssl=1 2048w, https:\/\/i0.wp.com\/tangodiario.com\/wp-content\/uploads\/2022\/04\/Victor-Villena_-Passions-du-SudMD-scaled-1.jpg?resize=750%2C498&amp;ssl=1 750w, https:\/\/i0.wp.com\/tangodiario.com\/wp-content\/uploads\/2022\/04\/Victor-Villena_-Passions-du-SudMD-scaled-1.jpg?resize=800%2C531&amp;ssl=1 800w, https:\/\/i0.wp.com\/tangodiario.com\/wp-content\/uploads\/2022\/04\/Victor-Villena_-Passions-du-SudMD-scaled-1.jpg?resize=600%2C398&amp;ssl=1 600w\" sizes=\"(max-width: 300px) 100vw, 300px\" \/> Victor Hugo Villena[\/caption]\n<p>&nbsp;<\/p>\n<\/div>\n<\/div>\n","protected":false},"featured_media":4400,"comment_status":"open","ping_status":"closed","template":"","meta":{"nf_dc_page":"","_eb_attr":"","_monsterinsights_skip_tracking":false,"_monsterinsights_sitenote_active":false,"_monsterinsights_sitenote_note":"","_monsterinsights_sitenote_category":0,"episode_type":"","audio_file":"","podmotor_file_id":"","podmotor_episode_id":"","cover_image":"","cover_image_id":"","duration":"","filesize":"","filesize_raw":"","date_recorded":"","explicit":"","block":""},"product_brand":[],"product_cat":[59],"product_tag":[],"class_list":{"0":"post-4395","1":"product","2":"type-product","3":"status-publish","4":"has-post-thumbnail","6":"product_cat-pdf","8":"first","9":"instock","10":"sale","11":"downloadable","12":"shipping-taxable","13":"purchasable","14":"product-type-simple"},"jetpack_sharing_enabled":true,"jetpack_likes_enabled":false,"_links":{"self":[{"href":"https:\/\/tangodiario.com\/en\/wp-json\/wp\/v2\/product\/4395","targetHints":{"allow":["GET"]}}],"collection":[{"href":"https:\/\/tangodiario.com\/en\/wp-json\/wp\/v2\/product"}],"about":[{"href":"https:\/\/tangodiario.com\/en\/wp-json\/wp\/v2\/types\/product"}],"replies":[{"embeddable":true,"href":"https:\/\/tangodiario.com\/en\/wp-json\/wp\/v2\/comments?post=4395"}],"version-history":[{"count":2,"href":"https:\/\/tangodiario.com\/en\/wp-json\/wp\/v2\/product\/4395\/revisions"}],"predecessor-version":[{"id":4403,"href":"https:\/\/tangodiario.com\/en\/wp-json\/wp\/v2\/product\/4395\/revisions\/4403"}],"wp:featuredmedia":[{"embeddable":true,"href":"https:\/\/tangodiario.com\/en\/wp-json\/wp\/v2\/media\/4400"}],"wp:attachment":[{"href":"https:\/\/tangodiario.com\/en\/wp-json\/wp\/v2\/media?parent=4395"}],"wp:term":[{"taxonomy":"product_brand","embeddable":true,"href":"https:\/\/tangodiario.com\/en\/wp-json\/wp\/v2\/product_brand?post=4395"},{"taxonomy":"product_cat","embeddable":true,"href":"https:\/\/tangodiario.com\/en\/wp-json\/wp\/v2\/product_cat?post=4395"},{"taxonomy":"product_tag","embeddable":true,"href":"https:\/\/tangodiario.com\/en\/wp-json\/wp\/v2\/product_tag?post=4395"}],"curies":[{"name":"wp","href":"https:\/\/api.w.org\/{rel}","templated":true}]}}