{"id":4388,"date":"2022-06-06T07:34:52","date_gmt":"2022-06-06T07:34:52","guid":{"rendered":"https:\/\/tangodiario.com\/?post_type=product&#038;p=4388"},"modified":"2024-10-03T22:31:00","modified_gmt":"2024-10-03T22:31:00","slug":"domingo-cura-la-entrevista-copy","status":"publish","type":"product","link":"https:\/\/tangodiario.com\/en\/product\/domingo-cura-la-entrevista-copy\/","title":{"rendered":"Domingo Cura,  la entrevista"},"content":{"rendered":"<p>Domingo Cura, una transcripci\u00f3n exacta de la entrevista, 37 p\u00e1ginas.<\/p>\n","protected":false},"excerpt":{"rendered":"<div>\n<h2><span lang=\"DE\">Domingo Cura<\/span><\/h2>\n<\/div>\n<div>\n<div>\n<p class=\"Text\"><span lang=\"DE\">E<\/span><span lang=\"ES-TRAD\">l 23 de diciembre de 1996 <\/span><span lang=\"DE\">entrevist\u00e9 a <\/span><span lang=\"ES-TRAD\">Domingo Cura, el percusionista m<\/span><span lang=\"DE\">\u00e1<\/span><span lang=\"ES-TRAD\">s destacado de la historia de la m<\/span><span lang=\"DE\">\u00fa<\/span><span lang=\"IT\">sica folcl<\/span><span lang=\"ES-TRAD\">\u00f3<\/span><span lang=\"PT\">rica de Argentina<\/span><span lang=\"DE\">.<\/span><\/p>\n<\/div>\n<div>\n<p class=\"Text\"><span lang=\"PT\">Domingo Cura naci<\/span><span lang=\"DE\">\u00f3 <\/span><span lang=\"ES-TRAD\">el 7 de abril de 1929 en Santiago del Estero. Era hijo de inmigrantes sirios, como Eduardo Fal<\/span><span lang=\"IT\">\u00f9<\/span><span lang=\"ES-TRAD\">. Su padre iba a ser sacerdote y cantaba en el coro de la iglesia.<\/span><span lang=\"DE\"> Por esto Domingo se llama Cura.<\/span><\/p>\n<\/div>\n<div>\n<p class=\"Text\"><span lang=\"ES-TRAD\">A los seis a\u00f1os, Domingo Cura empez<\/span><span lang=\"DE\">\u00f3 <\/span><span lang=\"ES-TRAD\">a tocar el tambor en todo tipo de latas, cajas de madera y otros objetos. Fue autodidacta y nunca <\/span><span lang=\"DE\">estudi\u00f3 en <\/span><span lang=\"ES-TRAD\">una escuela de m<\/span><span lang=\"DE\">\u00fa<\/span><span lang=\"IT\">sica. <\/span><\/p>\n<\/div>\n<div>\n<p class=\"Text\"><span lang=\"DE\">Lo<\/span><span lang=\"ES-TRAD\"> lamenta tanto, me dijo <\/span><span lang=\"DE\">durante<\/span><span lang=\"ES-TRAD\"> nuestra <\/span><span lang=\"DE\">charla, <\/span><span lang=\"ES-TRAD\">\u00a0porque no es capaz de <\/span><span lang=\"DE\">anotar <\/span><span lang=\"ES-TRAD\">sus ideas musicales.<\/span><\/p>\n<\/div>\n<div>\n<p class=\"Text\"><span lang=\"PT\">Domingo Cura particip<\/span><span lang=\"DE\">\u00f3 <\/span><span lang=\"ES-TRAD\">en varios hitos del folclore argentino:\u00a0<\/span><span lang=\"ES-TRAD\">en 1961 grab<\/span><span lang=\"DE\">\u00f3 <\/span><span lang=\"IT\">el disco <\/span><span lang=\"DE\">&#8220;<\/span><span lang=\"ES-TRAD\">Folclore Nueva Dimensi\u00f3<\/span><span lang=\"DE\">n\u201c<\/span><span lang=\"ES-TRAD\"> con Ariel Ram<\/span><span lang=\"DE\">\u00ed<\/span><span lang=\"ES-TRAD\">rez y Jaime Torres, que <\/span><span lang=\"DE\">innov\u00f3 a<\/span><span lang=\"ES-TRAD\">l folclore argentino.\u00a0 Un punto culminante de su carrera fue la grabaci\u00f3n de la Misa Criolla de Ariel Ram<\/span><span lang=\"DE\">\u00ed<\/span><span lang=\"ES-TRAD\">rez en 1964.<\/span><\/p>\n<\/div>\n<div>\n<p class=\"Text\"><span lang=\"DE\">\u00a0<\/span><span lang=\"ES-TRAD\">Domingo Cura amaba todo tipo de estilos musicales: el folclore <\/span><span lang=\"DE\">\u00e1rabe y jud\u00ed<\/span><span lang=\"ES-TRAD\">o, la batucada brasile\u00f1<\/span><span lang=\"DE\">a, el bolero<\/span><span lang=\"ES-TRAD\">, el jazz y el rock. As<\/span><span lang=\"DE\">\u00ed <\/span><span lang=\"ES-TRAD\">que nunca le result<\/span><span lang=\"DE\">\u00f3 <\/span><span lang=\"IT\">dif<\/span><span lang=\"DE\">\u00ed<\/span><span lang=\"ES-TRAD\">cil cruzar las fronteras musicales:<\/span><\/p>\n<\/div>\n<div>\n<p class=\"Text\">Toc<span lang=\"DE\">\u00f3 <\/span><span lang=\"ES-TRAD\">folclore argentino con Mercedes Sosa y <\/span><span lang=\"DE\">con <\/span><span lang=\"ES-TRAD\">su cu\u00f1ado, el legendario armonicista Hugo D<\/span><span lang=\"DE\">\u00edaz. &#8211; <\/span><span lang=\"IT\">Rock Nacional con Litto Nebbia,<\/span><span lang=\"DE\"> &#8211;<\/span><span lang=\"IT\"> Jazz con Gato Barbieri<\/span><span lang=\"DE\">, Nat King Cole<\/span><span lang=\"ES-TRAD\"> y Garry Mulligan y m<\/span><span lang=\"DE\">\u00fa<\/span><span lang=\"PT\">sica brasile<\/span><span lang=\"ES-TRAD\">\u00f1<\/span><span lang=\"IT\">a con Milton Nascimento.<\/span><\/p>\n<\/div>\n<div>\n<p class=\"Text\"><span lang=\"DE\">\u00a0<\/span><span lang=\"DE\">Ya hace m\u00e1s de 25 a\u00f1os desde nuestra charla <\/span><span lang=\"ES-TRAD\">en su sala de ensayo <\/span><span lang=\"DE\">en el centro de<\/span><span lang=\"ES-TRAD\"> Buenos Aires<\/span><span lang=\"DE\">. Pero siempre me acuerdo de mi entusiasmo escuchando a\u00a0 este <\/span><span lang=\"ES-TRAD\">percusionista tan excepcional<\/span><span lang=\"DE\">! Domingo Cura me coment\u00f3 que la gente se sorprend\u00eda porque tiene manos blanditas, sin callos, como de una mujer. Y me <\/span><span lang=\"IT\">cant<\/span><span lang=\"DE\">\u00f3 <\/span><span lang=\"ES-TRAD\">varios ritmos folcl\u00f3ricos: Carnavalito, Chacarera, Malambo sure\u00f1o y norte\u00f1o y mucho m<\/span><span lang=\"DE\">\u00e1<\/span><span lang=\"EN-US\">s!<\/span><\/p>\n<div>\n<p class=\"Text\"><span lang=\"ES-TRAD\">Escuche<\/span><span lang=\"DE\">n<\/span><span lang=\"ES-TRAD\"> usted<\/span><span lang=\"DE\">es<\/span><span lang=\"ES-TRAD\"> mismo<\/span><span lang=\"DE\">s todo<\/span><span lang=\"ES-TRAD\"> lo que <\/span><span lang=\"DE\">me dijo <\/span><span lang=\"ES-TRAD\">este <\/span><span lang=\"DE\">gran Maestro de la percusi\u00f3n<\/span><span lang=\"ES-TRAD\">, tristemente fallecido en 2004, con s\u00f3<\/span><span lang=\"IT\">lo 75 a<\/span><span lang=\"ES-TRAD\">\u00f1<\/span><span lang=\"DE\">os <\/span><span lang=\"ES-TRAD\">durante una actuaci\u00f3<\/span><span lang=\"IT\">n con Chico Navarro.<\/span><\/p>\n[caption id=\"attachment_4040\" align=\"alignnone\" width=\"300\"]<img fetchpriority=\"high\" decoding=\"async\" class=\"size-medium wp-image-4040\" src=\"https:\/\/tangodiario.com\/wp-content\/uploads\/2022\/04\/Domingo-Cura-4-4-300x300.jpg\" alt=\"Domingo Cura\" width=\"300\" height=\"300\" srcset=\"https:\/\/i0.wp.com\/tangodiario.com\/wp-content\/uploads\/2022\/04\/Domingo-Cura-4-4.jpg?resize=300%2C300&amp;ssl=1 300w, https:\/\/i0.wp.com\/tangodiario.com\/wp-content\/uploads\/2022\/04\/Domingo-Cura-4-4.jpg?resize=150%2C150&amp;ssl=1 150w, https:\/\/i0.wp.com\/tangodiario.com\/wp-content\/uploads\/2022\/04\/Domingo-Cura-4-4.jpg?resize=600%2C600&amp;ssl=1 600w, https:\/\/i0.wp.com\/tangodiario.com\/wp-content\/uploads\/2022\/04\/Domingo-Cura-4-4.jpg?resize=100%2C100&amp;ssl=1 100w, https:\/\/i0.wp.com\/tangodiario.com\/wp-content\/uploads\/2022\/04\/Domingo-Cura-4-4.jpg?w=677&amp;ssl=1 677w\" sizes=\"(max-width: 300px) 100vw, 300px\" \/> Domingo Cura[\/caption]\n<\/div>\n<\/div>\n<div>\n<p class=\"Text\"><span lang=\"DE\">\u00a0<\/span><\/p>\n<\/div>\n<div><\/div>\n<\/div>\n","protected":false},"featured_media":4391,"comment_status":"open","ping_status":"closed","template":"","meta":{"nf_dc_page":"","_eb_attr":"","_monsterinsights_skip_tracking":false,"_monsterinsights_sitenote_active":false,"_monsterinsights_sitenote_note":"","_monsterinsights_sitenote_category":0,"episode_type":"","audio_file":"","podmotor_file_id":"","podmotor_episode_id":"","cover_image":"","cover_image_id":"","duration":"","filesize":"","filesize_raw":"","date_recorded":"","explicit":"","block":""},"product_brand":[],"product_cat":[82],"product_tag":[],"class_list":{"0":"post-4388","1":"product","2":"type-product","3":"status-publish","4":"has-post-thumbnail","6":"product_cat-folclore-descarga-digital","8":"first","9":"instock","10":"sale","11":"downloadable","12":"shipping-taxable","13":"purchasable","14":"product-type-simple"},"jetpack_sharing_enabled":true,"jetpack_likes_enabled":false,"_links":{"self":[{"href":"https:\/\/tangodiario.com\/en\/wp-json\/wp\/v2\/product\/4388","targetHints":{"allow":["GET"]}}],"collection":[{"href":"https:\/\/tangodiario.com\/en\/wp-json\/wp\/v2\/product"}],"about":[{"href":"https:\/\/tangodiario.com\/en\/wp-json\/wp\/v2\/types\/product"}],"replies":[{"embeddable":true,"href":"https:\/\/tangodiario.com\/en\/wp-json\/wp\/v2\/comments?post=4388"}],"version-history":[{"count":2,"href":"https:\/\/tangodiario.com\/en\/wp-json\/wp\/v2\/product\/4388\/revisions"}],"predecessor-version":[{"id":4394,"href":"https:\/\/tangodiario.com\/en\/wp-json\/wp\/v2\/product\/4388\/revisions\/4394"}],"wp:featuredmedia":[{"embeddable":true,"href":"https:\/\/tangodiario.com\/en\/wp-json\/wp\/v2\/media\/4391"}],"wp:attachment":[{"href":"https:\/\/tangodiario.com\/en\/wp-json\/wp\/v2\/media?parent=4388"}],"wp:term":[{"taxonomy":"product_brand","embeddable":true,"href":"https:\/\/tangodiario.com\/en\/wp-json\/wp\/v2\/product_brand?post=4388"},{"taxonomy":"product_cat","embeddable":true,"href":"https:\/\/tangodiario.com\/en\/wp-json\/wp\/v2\/product_cat?post=4388"},{"taxonomy":"product_tag","embeddable":true,"href":"https:\/\/tangodiario.com\/en\/wp-json\/wp\/v2\/product_tag?post=4388"}],"curies":[{"name":"wp","href":"https:\/\/api.w.org\/{rel}","templated":true}]}}