{"id":4380,"date":"2022-06-06T07:20:19","date_gmt":"2022-06-06T07:20:19","guid":{"rendered":"https:\/\/tangodiario.com\/?post_type=product&#038;p=4380"},"modified":"2024-10-03T22:31:00","modified_gmt":"2024-10-03T22:31:00","slug":"heraclio-perez-la-entrevista","status":"publish","type":"product","link":"https:\/\/tangodiario.com\/en\/product\/heraclio-perez-la-entrevista\/","title":{"rendered":"Heraclio P\u00e9rez,  la entrevista"},"content":{"rendered":"<p>Heraclio Perez, una transcripci\u00f3n exacta de la entrevista, 34 p\u00e1ginas.<\/p>\n","protected":false},"excerpt":{"rendered":"<div>\n<h2><span lang=\"DE\">Heraclio Perez &#8211; El chamam\u00e9<\/span><\/h2>\n<\/div>\n<div>\n<div><span lang=\"ES-TRAD\">\u00a1<\/span><span lang=\"DE\">Muy b<\/span><span lang=\"ES-TRAD\">ienvenidos a una nueva edici\u00f3n de nuestra serie de podcasts &#8220;Los maestros de la m\u00fasica cuentan<\/span><span lang=\"DE\">\u201c<\/span><span lang=\"RU\">!\u00a0<\/span><span lang=\"ES-TRAD\">En diciembre de 1993, <\/span><span lang=\"DE\">viaj\u00e9 <\/span><span lang=\"ES-TRAD\">a Corrientes, en el noreste de Argentina, y visit<\/span><span lang=\"FR\">\u00e9 <\/span><span lang=\"IT\">a la familia del bandoneonista Avelino Flores. Me hab<\/span><span lang=\"ES-TRAD\">\u00eda hecho amig<\/span><span lang=\"DE\">a<\/span><span lang=\"ES-TRAD\"> de sus hijos, el guitarrista Rudi y el acordeonista Nini, <\/span><span lang=\"DE\">que viv\u00edan entonces en <\/span><span lang=\"ES-TRAD\">Buenos Aires. Me invitaron a conocer mejor su tierra y la cultura guaran\u00ed.\u00a0<\/span><\/div>\n<div>\n<div>\n<p class=\"Text\"><span lang=\"ES-TRAD\">Rudi me ayud\u00f3 a <\/span><span lang=\"DE\">encontrar a<\/span><span lang=\"PT\"> personalidades <\/span><span lang=\"DE\">destacadas <\/span><span lang=\"ES-TRAD\">del Chamam<\/span><span lang=\"FR\">\u00e9<\/span><span lang=\"ES-TRAD\">. Me acompa\u00f1\u00f3 a la casa de uno de los poetas m\u00e1s importantes de este estilo musical: Heraclio P<\/span><span lang=\"FR\">\u00e9<\/span><span lang=\"ES-TRAD\">rez, que hab\u00eda escrito las letras de cl\u00e1sicos como La Bailanta, Adi\u00f3s Villa Guillermina y Camino a Mburucuya.<\/span><\/p>\n<\/div>\n<div>\n<p class=\"Standard\"><span lang=\"IT\">Heraclio P<\/span><span lang=\"FR\">\u00e9<\/span><span lang=\"ES-TRAD\">rez naci\u00f3 el 2 de marzo de 1904 en San Luis de Palmar y creci\u00f3 en Puerto Tirol, en la provincia de<\/span><span lang=\"DE\">l<\/span><span lang=\"ES-TRAD\">Chaco. En 1930, con 26 a\u00f1os, se traslad\u00f3 a Buenos Aires. En 1937 fund\u00f3 el Cuarteto Correntino Ram\u00edrez con su amigo Marcos Ram\u00ed<\/span><span lang=\"IT\">rez. Con <\/span><span lang=\"DE\">el <\/span><span lang=\"ES-TRAD\">escribi\u00f3 hitos del chamam<\/span><span lang=\"FR\">\u00e9 <\/span><span lang=\"ES-TRAD\">como Puerto Tirol y Carrero Cachapecero.<\/span><\/p>\n<\/div>\n<div>\n<p class=\"Standard\"><span lang=\"ES-TRAD\">A partir de mediados de los a\u00f1os 40, escribi<\/span><span lang=\"DE\">a<\/span><span lang=\"ES-TRAD\"> para la revista <\/span><span lang=\"DE\">\u201e<\/span><span lang=\"ES-TRAD\">Ivera<\/span><span lang=\"DE\">\u201c<\/span><span lang=\"ES-TRAD\"> bajo el seud\u00f3<\/span><span lang=\"PT\">nimo de Juli<\/span><span lang=\"ES-TRAD\">\u00e1n Arroyo<\/span><span lang=\"DE\">.\u00a0<\/span>De d\u00eda trabajaba como mec\u00e1nico y de noche escrib\u00eda poes\u00edas y art\u00edculos.\u00a0<span lang=\"ES-TRAD\">Cuando <\/span><span lang=\"DE\">le <\/span><span lang=\"ES-TRAD\">entrevist<\/span><span lang=\"FR\">\u00e9<\/span><span lang=\"IT\">, Heraclio P<\/span><span lang=\"FR\">\u00e9<\/span><span lang=\"ES-TRAD\">rez ten\u00eda casi 90 a\u00f1os.\u00a0 Pero no me di cuenta por un momento. Me habl\u00f3 de la cultura y <\/span><span lang=\"DE\">de l<\/span><span lang=\"ES-TRAD\">a m\u00fasica de los indios guaran\u00edes con tanta energ\u00eda y pasi\u00f3n que <\/span><span lang=\"DE\">su entusiasmo me contagi\u00f3.\u00a0<\/span><\/p>\n<p class=\"Standard\"><span lang=\"ES-TRAD\">Mientras <\/span><span lang=\"DE\">tom\u00e1bamos un <\/span><span lang=\"ES-TRAD\">mate, me cont\u00f3 el origen del chamam<\/span><span lang=\"FR\">\u00e9<\/span><span lang=\"ES-TRAD\">, a principios del siglo <\/span><span lang=\"DE\">19<\/span><span lang=\"ES-TRAD\">. <\/span><span lang=\"DE\">C<\/span><span lang=\"ES-TRAD\">\u00f3<\/span><span lang=\"IT\">mo la polca europea <\/span><span lang=\"DE\">habia <\/span><span lang=\"EN-US\">lleg<\/span><span lang=\"DE\">ado<\/span><span lang=\"ES-TRAD\"> a Paraguay alrededor de 1850<\/span><span lang=\"DE\"> y se hab\u00eda convertido en\u00a0 la Polca Paraguaya. Y que por esto no puede ser la madre del Chamam\u00e9<\/span><span lang=\"ES-TRAD\">.<\/span><\/p>\n<\/div>\n<div>\n<p class=\"Standard\"><span lang=\"ES-TRAD\">Me habl\u00f3 de <\/span><span lang=\"ES-TRAD\">\u00a0<\/span><span lang=\"ES-TRAD\">otros ritmos del Ch\u00e1mame<\/span><span lang=\"DE\"> como<\/span><span lang=\"ES-TRAD\"> la Chamarrita, el Valseado y el Rasguido Doble, <\/span><span lang=\"DE\">muy apreciado por todos lados.<\/span><span lang=\"DE\">Coment\u00f3 porque el Chamam\u00e9 es un baile muy creativo. <\/span><span lang=\"ES-TRAD\">Y me ense\u00f1\u00f3 <\/span><span lang=\"DE\">letras<\/span><span lang=\"ES-TRAD\"> de canciones, algunas de ellas in<\/span><span lang=\"FR\">\u00e9<\/span><span lang=\"ES-TRAD\">ditas, que desde entonces han ca\u00eddo en el olvido.\u00a0<\/span><span lang=\"ES-TRAD\">Como<\/span><span lang=\"DE\"> Heraclio Perez <\/span><span lang=\"ES-TRAD\">ya casi no pod\u00eda ver, me p<\/span><span lang=\"DE\">idi\u00f3 de<\/span><span lang=\"ES-TRAD\"> leerlas en voz alta, lo que me emocion\u00f3 much<\/span><span lang=\"DE\">isim<\/span><span lang=\"IT\">o.\u00a0<\/span><span lang=\"ES-TRAD\">Escuche<\/span><span lang=\"DE\">n<\/span><span lang=\"ES-TRAD\"> usted<\/span><span lang=\"DE\">es<\/span><span lang=\"ES-TRAD\"> mismo<\/span><span lang=\"DE\">s<\/span> <span lang=\"DE\">todo l<\/span><span lang=\"ES-TRAD\">o que me dijo<\/span> <span lang=\"IT\">este gran poeta <\/span><span lang=\"DE\">y conocedor <\/span><span lang=\"ES-TRAD\">del chamam<\/span><span lang=\"FR\">\u00e9<\/span><span lang=\"ES-TRAD\">, fallecido en <\/span><span lang=\"DE\">mayo del <\/span><span lang=\"ES-TRAD\">2002 a los 98 a\u00f1<\/span><span lang=\"PT\">os.<\/span><\/p>\n[caption id=\"attachment_4354\" align=\"alignnone\" width=\"150\"]<img decoding=\"async\" class=\"size-full wp-image-4354\" src=\"https:\/\/tangodiario.com\/wp-content\/uploads\/2022\/06\/Heraclio-Perez-4.jpeg\" alt=\"Heraclio Perez\" width=\"150\" height=\"150\" srcset=\"https:\/\/i0.wp.com\/tangodiario.com\/wp-content\/uploads\/2022\/06\/Heraclio-Perez-4.jpeg?w=150&amp;ssl=1 150w, https:\/\/i0.wp.com\/tangodiario.com\/wp-content\/uploads\/2022\/06\/Heraclio-Perez-4.jpeg?resize=100%2C100&amp;ssl=1 100w\" sizes=\"(max-width: 150px) 100vw, 150px\" \/> Heraclio Perez[\/caption]\n<\/div>\n<\/div>\n<h4><\/h4>\n<\/div>\n","protected":false},"featured_media":4383,"comment_status":"open","ping_status":"closed","template":"","meta":{"nf_dc_page":"","_eb_attr":"","_monsterinsights_skip_tracking":false,"_monsterinsights_sitenote_active":false,"_monsterinsights_sitenote_note":"","_monsterinsights_sitenote_category":0,"episode_type":"","audio_file":"","podmotor_file_id":"","podmotor_episode_id":"","cover_image":"","cover_image_id":"","duration":"","filesize":"","filesize_raw":"","date_recorded":"","explicit":"","block":""},"product_brand":[],"product_cat":[82],"product_tag":[],"class_list":{"0":"post-4380","1":"product","2":"type-product","3":"status-publish","4":"has-post-thumbnail","6":"product_cat-folclore-descarga-digital","8":"first","9":"instock","10":"sale","11":"downloadable","12":"shipping-taxable","13":"purchasable","14":"product-type-simple"},"jetpack_sharing_enabled":true,"jetpack_likes_enabled":false,"_links":{"self":[{"href":"https:\/\/tangodiario.com\/en\/wp-json\/wp\/v2\/product\/4380","targetHints":{"allow":["GET"]}}],"collection":[{"href":"https:\/\/tangodiario.com\/en\/wp-json\/wp\/v2\/product"}],"about":[{"href":"https:\/\/tangodiario.com\/en\/wp-json\/wp\/v2\/types\/product"}],"replies":[{"embeddable":true,"href":"https:\/\/tangodiario.com\/en\/wp-json\/wp\/v2\/comments?post=4380"}],"version-history":[{"count":3,"href":"https:\/\/tangodiario.com\/en\/wp-json\/wp\/v2\/product\/4380\/revisions"}],"predecessor-version":[{"id":4387,"href":"https:\/\/tangodiario.com\/en\/wp-json\/wp\/v2\/product\/4380\/revisions\/4387"}],"wp:featuredmedia":[{"embeddable":true,"href":"https:\/\/tangodiario.com\/en\/wp-json\/wp\/v2\/media\/4383"}],"wp:attachment":[{"href":"https:\/\/tangodiario.com\/en\/wp-json\/wp\/v2\/media?parent=4380"}],"wp:term":[{"taxonomy":"product_brand","embeddable":true,"href":"https:\/\/tangodiario.com\/en\/wp-json\/wp\/v2\/product_brand?post=4380"},{"taxonomy":"product_cat","embeddable":true,"href":"https:\/\/tangodiario.com\/en\/wp-json\/wp\/v2\/product_cat?post=4380"},{"taxonomy":"product_tag","embeddable":true,"href":"https:\/\/tangodiario.com\/en\/wp-json\/wp\/v2\/product_tag?post=4380"}],"curies":[{"name":"wp","href":"https:\/\/api.w.org\/{rel}","templated":true}]}}