{"id":4033,"date":"2022-04-11T06:32:30","date_gmt":"2022-04-11T06:32:30","guid":{"rendered":"https:\/\/tangodiario.com\/?post_type=product&#038;p=4033"},"modified":"2024-10-03T22:31:00","modified_gmt":"2024-10-03T22:31:00","slug":"nelly-omar-transcripcion-y-revista","status":"publish","type":"product","link":"https:\/\/tangodiario.com\/en\/product\/nelly-omar-transcripcion-y-revista\/","title":{"rendered":"Nelly Omar,  la entrevista"},"content":{"rendered":"<p>Nelly Omar, una transcripci\u00f3n exacta de la entrevista, 37 p\u00e1ginas.<\/p>\n","protected":false},"excerpt":{"rendered":"<div>\n<h2><span lang=\"DE\">Nelly Omar &#8211; &#8220;Gardel con polleras&#8221;<\/span><\/h2>\n<p><span lang=\"DE\">Hoy hablo con el &#8220;Gardel con polleras&#8221;. Este es el nombre popular de la cantante y actriz Nelly Omar.\u00a0<\/span>La visit\u00e9 en enero de 1999 en un suburbio de Buenos Aires y qued\u00e9 impresionada por su elegancia y su energ\u00eda. A pesar de sus 88 a\u00f1os no hab\u00eda perdido nada de su carisma.<\/p>\n<h4>Buenos Aires<\/h4>\n<\/div>\n<div>\n<p><span lang=\"DE\">Nelly naci\u00f3 en Buenos Aires el 10 de septiembre de 1911. A la edad de 13 a\u00f1os no so\u00f1aba con convertirse en cantante o actriz. \u00a1Quer\u00eda ser piloto! \u00a1Pero no sucedi\u00f3, afortunadamente para el tango y el folklore argentino!\u00a0<\/span>Nelly Omar debe su carrera de cantante a la popularidad de la radio argentina en aquella epoca. Cuando Ignazio Corsini la escuchy\u00f3 cantar, la contrat\u00f3 para sus programas de radio.<\/p>\n<p>En 1932 Nelly empez\u00f3 a cantar para Radio Stentor en duo con su hermana. Cuando Radio Belgrano la contrat\u00f3, colabor\u00f3 con famosos poetas de tango como Enrique Cadicamo y Homero Manzi, que le escribieron canciones de tango. Pero tambi\u00e9n permaneci\u00f3 siempre fiel a la Canci\u00f3n Criolla, la canci\u00f3n popular de la Provincia de Buenos Aires.<\/p>\n<p>Nelly Omar muri\u00f3 en 2013, a la edad de 102 a\u00f1os.<\/p>\n<\/div>\n<div>\n<p><span lang=\"DE\">Escuchen ahora todo lo que me cont\u00f3 esta leyenda del canto!<\/span><\/p>\n<p><img fetchpriority=\"high\" decoding=\"async\" class=\"size-medium wp-image-3969\" src=\"https:\/\/tangodiario.com\/wp-content\/uploads\/2022\/04\/nelly-omar-4-4-300x300.jpg\" alt=\"Nelly Omar\" width=\"300\" height=\"300\" srcset=\"https:\/\/i0.wp.com\/tangodiario.com\/wp-content\/uploads\/2022\/04\/nelly-omar-4-4.jpg?resize=300%2C300&amp;ssl=1 300w, https:\/\/i0.wp.com\/tangodiario.com\/wp-content\/uploads\/2022\/04\/nelly-omar-4-4.jpg?resize=150%2C150&amp;ssl=1 150w, https:\/\/i0.wp.com\/tangodiario.com\/wp-content\/uploads\/2022\/04\/nelly-omar-4-4.jpg?resize=100%2C100&amp;ssl=1 100w, https:\/\/i0.wp.com\/tangodiario.com\/wp-content\/uploads\/2022\/04\/nelly-omar-4-4.jpg?w=471&amp;ssl=1 471w\" sizes=\"(max-width: 300px) 100vw, 300px\" \/><\/p>\n<h4>Podcast:<\/h4>\n[audio mp3=\"https:\/\/tangodiario.com\/wp-content\/uploads\/2022\/04\/Nelly-Omar-PODCAST.mp3\"][\/audio]\n<\/div>\n","protected":false},"featured_media":4020,"comment_status":"open","ping_status":"closed","template":"","meta":{"nf_dc_page":"","_eb_attr":"","_monsterinsights_skip_tracking":false,"_monsterinsights_sitenote_active":false,"_monsterinsights_sitenote_note":"","_monsterinsights_sitenote_category":0,"episode_type":"","audio_file":"","podmotor_file_id":"","podmotor_episode_id":"","cover_image":"","cover_image_id":"","duration":"","filesize":"","filesize_raw":"","date_recorded":"","explicit":"","block":""},"product_brand":[],"product_cat":[59],"product_tag":[],"class_list":{"0":"post-4033","1":"product","2":"type-product","3":"status-publish","4":"has-post-thumbnail","6":"product_cat-pdf","8":"first","9":"instock","10":"sale","11":"downloadable","12":"shipping-taxable","13":"purchasable","14":"product-type-simple"},"jetpack_sharing_enabled":true,"jetpack_likes_enabled":false,"_links":{"self":[{"href":"https:\/\/tangodiario.com\/en\/wp-json\/wp\/v2\/product\/4033","targetHints":{"allow":["GET"]}}],"collection":[{"href":"https:\/\/tangodiario.com\/en\/wp-json\/wp\/v2\/product"}],"about":[{"href":"https:\/\/tangodiario.com\/en\/wp-json\/wp\/v2\/types\/product"}],"replies":[{"embeddable":true,"href":"https:\/\/tangodiario.com\/en\/wp-json\/wp\/v2\/comments?post=4033"}],"version-history":[{"count":3,"href":"https:\/\/tangodiario.com\/en\/wp-json\/wp\/v2\/product\/4033\/revisions"}],"predecessor-version":[{"id":4038,"href":"https:\/\/tangodiario.com\/en\/wp-json\/wp\/v2\/product\/4033\/revisions\/4038"}],"wp:featuredmedia":[{"embeddable":true,"href":"https:\/\/tangodiario.com\/en\/wp-json\/wp\/v2\/media\/4020"}],"wp:attachment":[{"href":"https:\/\/tangodiario.com\/en\/wp-json\/wp\/v2\/media?parent=4033"}],"wp:term":[{"taxonomy":"product_brand","embeddable":true,"href":"https:\/\/tangodiario.com\/en\/wp-json\/wp\/v2\/product_brand?post=4033"},{"taxonomy":"product_cat","embeddable":true,"href":"https:\/\/tangodiario.com\/en\/wp-json\/wp\/v2\/product_cat?post=4033"},{"taxonomy":"product_tag","embeddable":true,"href":"https:\/\/tangodiario.com\/en\/wp-json\/wp\/v2\/product_tag?post=4033"}],"curies":[{"name":"wp","href":"https:\/\/api.w.org\/{rel}","templated":true}]}}