{"id":3504,"date":"2020-08-10T18:32:00","date_gmt":"2020-08-10T18:32:00","guid":{"rendered":"https:\/\/tangodiario.com\/blog\/"},"modified":"2022-03-28T09:44:32","modified_gmt":"2022-03-28T09:44:32","slug":"blog","status":"publish","type":"page","link":"https:\/\/tangodiario.com\/en\/blog\/","title":{"rendered":"Blog"},"content":{"rendered":"\t\t<div data-elementor-type=\"wp-post\" data-elementor-id=\"3504\" class=\"elementor elementor-3504\">\n\t\t\t\t\t\t<section class=\"elementor-section elementor-top-section elementor-element elementor-element-79e20c1 elementor-section-full_width elementor-section-height-default elementor-section-height-default\" data-id=\"79e20c1\" data-element_type=\"section\" data-e-type=\"section\">\n\t\t\t\t\t\t<div class=\"elementor-container elementor-column-gap-default\">\n\t\t\t\t\t<div class=\"elementor-column elementor-col-100 elementor-top-column elementor-element elementor-element-1eaa4b9\" data-id=\"1eaa4b9\" data-element_type=\"column\" data-e-type=\"column\">\n\t\t\t<div class=\"elementor-widget-wrap elementor-element-populated\">\n\t\t\t\t\t\t<div class=\"elementor-element elementor-element-2b20529 elementor-widget elementor-widget-secondline-post-list\" data-id=\"2b20529\" data-element_type=\"widget\" data-e-type=\"widget\" data-widget_type=\"secondline-post-list.default\">\n\t\t\t\t<div class=\"elementor-widget-container\">\n\t\t\t\t\t\n\n\n\t<div class=\"secondline-themes-post-list-main\">\n\n\t\t\n\n\t\t<div class=\"secondline-masonry-margins\">\n\t\t\t<div id=\"secondline-blog-index-masonry-2b20529\">\n\n\t\t\t\t\t\t\t\t<div class=\"secondline-masonry-item \">\n\t\t\t\t\t<div class=\"secondline-masonry-padding-blog  secondline_elements_post_list_disable_match secondline_elements_post_list_serie secondline_elements_post_list_author secondline_elements_post_list_duration secondline_elements_post_list_read_more grid-columns-slt masonry-secondline\">\n\t\t\t\t\t\t<div class=\"secondline-themes-isotope-animation\">\n\t\t\t\t\t\t\t\n\n\n\n<div id=\"post-4938\" class=\"post-4938 post type-post status-publish format-standard has-post-thumbnail hentry category-uncategorized\">\n\t<div class=\"secondline-themes-default-blog-index \">\n\n\t\t\t\t\t<div class=\"secondline-themes-feaured-image\">\n\t\t\t\t\t\t\t\t\t\t\t\t\n<a href=\"https:\/\/tangodiario.com\/en\/en-memoria-roberto-alvarez-1940-2023\/\">\t\t\t\t\t\t\t\t\t\t\t\t\t\t\n\t\n\t\t\t\t\t\t\t\t\t\t    <img fetchpriority=\"high\" decoding=\"async\" width=\"745\" height=\"500\" src=\"https:\/\/i0.wp.com\/tangodiario.com\/wp-content\/uploads\/2023\/03\/De_Roberto_Alvarez_1280195.jpeg?resize=745%2C500&amp;ssl=1\" class=\"attachment-secondline-themes-blog-index size-secondline-themes-blog-index wp-post-image\" alt=\"Roberto Alvarez\" title=\"\">\t\t\t\t\t\t\t\t\t<\/a>\n\t\t\t<\/div><!-- close .secondline-themes-feaured-image -->\n\t\t<!-- close gallery -->\n\n\n\t\t<div class=\"secondline-blog-content\">\n\n\t\t\t<h2 class=\"secondline-blog-title\">\n\t\t\t\t<a href=\"https:\/\/tangodiario.com\/en\/en-memoria-roberto-alvarez-1940-2023\/\">\n\t\t\t\t\t\n\t\nEn memoria: Roberto Alvarez (1940 &#8211; 2023)<\/a><\/h2>\n\n\t\t\t\t\t\t\t<div class=\"secondline-post-meta\">\n\n\t\t\t\t\t<span class=\"blog-meta-date-display\">March 12, 2023<\/span>\n\t\t\t\t\t\t\t\t\t\t\n\t\t\t\t\t<span class=\"blog-meta-serie-display\">\n\t\t\t\t\t\t\t\t\t\t\t<\/span>\t\t\t\n\n\t\t\t\t\t<span class=\"blog-meta-author-display\"><a href=\"https:\/\/tangodiario.com\/en\/author\/robbangert\/\">robbangert<\/a><\/span>\n                    \n\t\t\t\t\t\t\t\t\t\t\t<span class=\"blog-meta-category-list\"><a href=\"https:\/\/tangodiario.com\/en\/category\/uncategorized\/\" rel=\"category tag\">Uncategorized<\/a><\/span>\n\t\t\t\t\t\n\t\t\t\t\t\n\t\t\t\t\t<span class=\"blog-meta-comments\"><span>Comments Off<span class=\"screen-reader-text\"> on En memoria: Roberto Alvarez (1940 &#8211; 2023)<\/span><\/span><\/span>\n\n\t\t\t\t<\/div>\n\t\t\t\n\n\t\t\t<div class=\"secondline-themes-blog-excerpt\">\n\t\t\t\t\t\t\t\t\t<div class=\"slt-addon-excerpt\">\n\t\t\t\t\t\t<p>Escrito por Helena R\u00fcegg Roberto Alvarez &#8211; Colortango Conoc\u00ed&nbsp;a Roberto Alvarez en mi primer viaje a Buenos Aires&nbsp;en marzo 1992.&nbsp;Hab\u00eda viajado al otro lado del mundo para buscar nuevos...<\/p>\n\t\t\t\t\t<\/div>\n\t\t\t\t\t\t\t\t<a class=\"more-link\" href=\"https:\/\/tangodiario.com\/en\/en-memoria-roberto-alvarez-1940-2023\/\"> Read More<\/a>\n\n\n\t\t\t\t<div class=\"post-list-player-container-secondline\">\t\t\t\n\t\t\t\t\t\t\t\t\t<\/div>\n\n\n\t\t\t<\/div>\n\n\n\n\t\t<\/div><!-- close .secondline-blog-content -->\n\n\t\t\n\t<div class=\"clearfix-slt\"><\/div>\n\t<\/div><!-- close .secondline-themes-default-blog-index -->\n<\/div><!-- #post-## -->\n\t\t\t\t\t\t<\/div>\n\t\t\t\t\t<\/div>\n\t\t\t\t<\/div>\n\t\t\t\t\t\t\t\t<div class=\"secondline-masonry-item \">\n\t\t\t\t\t<div class=\"secondline-masonry-padding-blog  secondline_elements_post_list_disable_match secondline_elements_post_list_serie secondline_elements_post_list_author secondline_elements_post_list_duration secondline_elements_post_list_read_more grid-columns-slt masonry-secondline\">\n\t\t\t\t\t\t<div class=\"secondline-themes-isotope-animation\">\n\t\t\t\t\t\t\t\n\n\n\n<div id=\"post-3666\" class=\"post-3666 post type-post status-publish format-standard has-post-thumbnail hentry category-uncategorized series-losmaestros\">\n\t<div class=\"secondline-themes-default-blog-index \">\n\n\t\t\t\t\t<div class=\"secondline-themes-feaured-image\">\n\t\t\t\t\t\t\t\t\t\t\t\t\n<a href=\"https:\/\/tangodiario.com\/en\/tango-argentino-for-dummies-a-speed-course\/\">\t\t\t\t\t\t\t\t\t\t\t\t\t\t\n\t\n\t\t\t\t\t\t\t\t\t\t    <img decoding=\"async\" width=\"800\" height=\"500\" src=\"https:\/\/i0.wp.com\/tangodiario.com\/wp-content\/uploads\/2022\/02\/astorzero.jpeg?resize=800%2C500&amp;ssl=1\" class=\"attachment-secondline-themes-blog-index size-secondline-themes-blog-index wp-post-image\" alt=\"\" title=\"\">\t\t\t\t\t\t\t\t\t<\/a>\n\t\t\t<\/div><!-- close .secondline-themes-feaured-image -->\n\t\t<!-- close gallery -->\n\n\n\t\t<div class=\"secondline-blog-content\">\n\n\t\t\t<h2 class=\"secondline-blog-title\">\n\t\t\t\t<a href=\"https:\/\/tangodiario.com\/en\/tango-argentino-for-dummies-a-speed-course\/\">\n\t\t\t\t\t\n\t\nTango Argentino for dummies, a speed course<\/a><\/h2>\n\n\t\t\t\t\t\t\t<div class=\"secondline-post-meta\">\n\n\t\t\t\t\t<span class=\"blog-meta-date-display\">February 16, 2022<\/span>\n\t\t\t\t\t\t\t\t\t\t\n\t\t\t\t\t<span class=\"blog-meta-serie-display\">\n\t\t\t\t\t\t\t\t\t\t\t<\/span>\t\t\t\n\n\t\t\t\t\t<span class=\"blog-meta-author-display\"><a href=\"https:\/\/tangodiario.com\/en\/author\/robbangert\/\">robbangert<\/a><\/span>\n                    \n\t\t\t\t\t\t\t\t\t\t\t<span class=\"blog-meta-category-list\"><a href=\"https:\/\/tangodiario.com\/en\/category\/uncategorized\/\" rel=\"category tag\">Uncategorized<\/a><\/span>\n\t\t\t\t\t\n\t\t\t\t\t\n\t\t\t\t\t<span class=\"blog-meta-comments\"><span>Comments Off<span class=\"screen-reader-text\"> on Tango Argentino for dummies, a speed course<\/span><\/span><\/span>\n\n\t\t\t\t<\/div>\n\t\t\t\n\n\t\t\t<div class=\"secondline-themes-blog-excerpt\">\n\t\t\t\t\t\t\t\t\t<div class=\"slt-addon-excerpt\">\n\t\t\t\t\t\t<p>what if you are not yet familiar with tango music, with 10 simple steps you can quickly become a specialist?  <\/p>\n\t\t\t\t\t<\/div>\n\t\t\t\t\t\t\t\t<a class=\"more-link\" href=\"https:\/\/tangodiario.com\/en\/tango-argentino-for-dummies-a-speed-course\/\"> Read More<\/a>\n\n\n\t\t\t\t<div class=\"post-list-player-container-secondline\">\t\t\t\n\t\t\t\t\t\t\t\t\t<\/div>\n\n\n\t\t\t<\/div>\n\n\n\n\t\t<\/div><!-- close .secondline-blog-content -->\n\n\t\t\n\t<div class=\"clearfix-slt\"><\/div>\n\t<\/div><!-- close .secondline-themes-default-blog-index -->\n<\/div><!-- #post-## -->\n\t\t\t\t\t\t<\/div>\n\t\t\t\t\t<\/div>\n\t\t\t\t<\/div>\n\t\t\t\t\n\n\t\t\t<\/div>\n\t\t<\/div>\n\n\n\n\t\t<div class=\"clearfix-slt\"><\/div>\n\n\n\t\t\n\t\t\n\t\t\n\n\n\t<\/div><!-- close .secondline-themes-post-list-main -->\n\n\t<script type=\"text\/javascript\">\n\tjQuery(document).ready(function($) {\n\t\t'use strict';\n\t\t\/* Default Isotope Load Code *\/\n\t\tvar $container2b20529 = $(\"#secondline-blog-index-masonry-2b20529\").isotope();\n\t\tvar $imgs = $('#secondline-blog-index-masonry-2b20529 img');\n\t\t$container2b20529.imagesLoaded( function() {\n\t\t\t$(\".secondline-masonry-item\").addClass(\"opacity-secondline\");\n\t\t\t$container2b20529.isotope({\n\t\t\t\titemSelector: \"#secondline-blog-index-masonry-2b20529 .secondline-masonry-item\",\n\t\t\t\tpercentPosition: true,\n\t\t\t\t\t\t\t\tlayoutMode: \"masonry\"\t \t\t});\n\n\t\t\t$imgs.load(function () {\n\t\t\t\t$container2b20529.isotope('layout');\n\t\t\t});\n\n\t\t});\n\t\t\/* END Default Isotope Code *\/\n\n\n\t\t\n\n\n\t\t\n\n\t\t\n\t});\n\t<\/script>\n\n\n\n\t\n\n\t\t\t\t\t<\/div>\n\t\t\t\t<\/div>\n\t\t\t\t\t<\/div>\n\t\t<\/div>\n\t\t\t\t\t<\/div>\n\t\t<\/section>\n\t\t\t\t<\/div>\n\t\t","protected":false},"excerpt":{"rendered":"<p>Los podcasts m\u00e1s escuchados de 2021 diciembre 19, 2021 robbangert Uncategorized 0 Comments En 2021se escuchan mejor los siguientes podcasts de tango: Leopoldo Federico Antonio agri Osvaldo Piro Read More<\/p>\n","protected":false},"author":1,"featured_media":3110,"parent":0,"menu_order":0,"comment_status":"closed","ping_status":"closed","template":"","meta":{"nf_dc_page":"","_eb_attr":"","_monsterinsights_skip_tracking":false,"_monsterinsights_sitenote_active":false,"_monsterinsights_sitenote_note":"","_monsterinsights_sitenote_category":0,"episode_type":"","audio_file":"","podmotor_file_id":"","podmotor_episode_id":"","cover_image":"","cover_image_id":"","duration":"","filesize":"","filesize_raw":"","date_recorded":"","explicit":"","block":"","footnotes":""},"class_list":["post-3504","page","type-page","status-publish","has-post-thumbnail","hentry"],"jetpack_sharing_enabled":true,"jetpack_likes_enabled":false,"_links":{"self":[{"href":"https:\/\/tangodiario.com\/en\/wp-json\/wp\/v2\/pages\/3504","targetHints":{"allow":["GET"]}}],"collection":[{"href":"https:\/\/tangodiario.com\/en\/wp-json\/wp\/v2\/pages"}],"about":[{"href":"https:\/\/tangodiario.com\/en\/wp-json\/wp\/v2\/types\/page"}],"author":[{"embeddable":true,"href":"https:\/\/tangodiario.com\/en\/wp-json\/wp\/v2\/users\/1"}],"replies":[{"embeddable":true,"href":"https:\/\/tangodiario.com\/en\/wp-json\/wp\/v2\/comments?post=3504"}],"version-history":[{"count":3,"href":"https:\/\/tangodiario.com\/en\/wp-json\/wp\/v2\/pages\/3504\/revisions"}],"predecessor-version":[{"id":3508,"href":"https:\/\/tangodiario.com\/en\/wp-json\/wp\/v2\/pages\/3504\/revisions\/3508"}],"wp:featuredmedia":[{"embeddable":true,"href":"https:\/\/tangodiario.com\/en\/wp-json\/wp\/v2\/media\/3110"}],"wp:attachment":[{"href":"https:\/\/tangodiario.com\/en\/wp-json\/wp\/v2\/media?parent=3504"}],"curies":[{"name":"wp","href":"https:\/\/api.w.org\/{rel}","templated":true}]}}